{"id":5999,"date":"2024-05-14T08:17:10","date_gmt":"2024-05-14T08:17:10","guid":{"rendered":"https:\/\/kenexos.com\/?page_id=5999"},"modified":"2026-04-22T07:46:25","modified_gmt":"2026-04-22T07:46:25","slug":"wartung","status":"publish","type":"page","link":"https:\/\/kenexos.com\/de\/wartung\/","title":{"rendered":"Wartung"},"content":{"rendered":"\t\t<div data-elementor-type=\"wp-page\" data-elementor-id=\"5999\" class=\"elementor elementor-5999\" data-elementor-post-type=\"page\">\n\t\t\t\t<div class=\"elementor-element elementor-element-f81e476 e-flex e-con-boxed e-con e-parent\" data-id=\"f81e476\" data-element_type=\"container\" data-e-type=\"container\">\n\t\t\t\t\t<div class=\"e-con-inner\">\n\t\t\t\t<div class=\"elementor-element elementor-element-a2f806d elementor-widget elementor-widget-image\" data-id=\"a2f806d\" data-element_type=\"widget\" data-e-type=\"widget\" data-widget_type=\"image.default\">\n\t\t\t\t<div class=\"elementor-widget-container\">\n\t\t\t\t\t\t\t\t\t\t\t\t\t\t\t<img decoding=\"async\" width=\"400\" height=\"100\" src=\"https:\/\/kenexos.com\/wp-content\/uploads\/2023\/08\/kenexos-logo-linksbuendig-400x100-1.webp\" class=\"attachment-large size-large wp-image-49\" alt=\"\" srcset=\"https:\/\/kenexos.com\/wp-content\/uploads\/2023\/08\/kenexos-logo-linksbuendig-400x100-1.webp 400w, https:\/\/kenexos.com\/wp-content\/uploads\/2023\/08\/kenexos-logo-linksbuendig-400x100-1-300x75.webp 300w\" sizes=\"(max-width: 400px) 100vw, 400px\" \/>\t\t\t\t\t\t\t\t\t\t\t\t\t\t\t<\/div>\n\t\t\t\t<\/div>\n\t\t\t\t\t<\/div>\n\t\t\t\t<\/div>\n\t\t<div class=\"elementor-element elementor-element-9ab94b0 e-flex e-con-boxed e-con e-parent\" data-id=\"9ab94b0\" data-element_type=\"container\" data-e-type=\"container\">\n\t\t\t\t\t<div class=\"e-con-inner\">\n\t\t\t\t<div class=\"elementor-element elementor-element-b4c2de9 elementor-widget elementor-widget-text-editor\" data-id=\"b4c2de9\" data-element_type=\"widget\" data-e-type=\"widget\" data-widget_type=\"text-editor.default\">\n\t\t\t\t<div class=\"elementor-widget-container\">\n\t\t\t\t\t\t\t\t\t<p>Wir arbeiten derzeit an der Verbesserung der KENEXOS-Plattform.\u00a0<\/p>\t\t\t\t\t\t\t\t<\/div>\n\t\t\t\t<\/div>\n\t\t\t\t<div class=\"elementor-element elementor-element-449e838 elementor-widget elementor-widget-text-editor\" data-id=\"449e838\" data-element_type=\"widget\" data-e-type=\"widget\" data-widget_type=\"text-editor.default\">\n\t\t\t\t<div class=\"elementor-widget-container\">\n\t\t\t\t\t\t\t\t\t<p><span style=\"color: var( --e-global-color-text ); font-family: var( --e-global-typography-text-font-family ), Sans-serif; font-size: var( --e-global-typography-text-font-size ); font-weight: var( --e-global-typography-text-font-weight ); text-align: var(--text-align);\">Dadurch sind vor\u00fcbergehend einige Funktionen nicht verf\u00fcgbar.<\/span><\/p>\n<p><span style=\"color: var( --e-global-color-text ); font-family: var( --e-global-typography-text-font-family ), Sans-serif; font-size: var( --e-global-typography-text-font-size ); font-weight: var( --e-global-typography-text-font-weight ); text-align: var(--text-align);\">Unser Team arbeitet mit Hochdruck daran, die Wartungsarbeiten so schnell wie m\u00f6glich abzuschlie\u00dfen.&nbsp;<\/span><\/p>\n<p><span style=\"color: var( --e-global-color-text ); font-family: var( --e-global-typography-text-font-family ), Sans-serif; font-size: var( --e-global-typography-text-font-size ); font-weight: var( --e-global-typography-text-font-weight ); text-align: var(--text-align);\">Wir bitten um Ihr Verst\u00e4ndnis und bedanken uns f\u00fcr Ihre Geduld.<\/span><\/p>\t\t\t\t\t\t\t\t<\/div>\n\t\t\t\t<\/div>\n\t\t\t\t\t<\/div>\n\t\t\t\t<\/div>\n\t\t<div class=\"elementor-element elementor-element-0f500bc e-flex e-con-boxed e-con e-parent\" data-id=\"0f500bc\" data-element_type=\"container\" data-e-type=\"container\">\n\t\t\t\t\t<div class=\"e-con-inner\">\n\t\t\t\t<div class=\"elementor-element elementor-element-4a53ba2 elementor-widget elementor-widget-text-editor\" data-id=\"4a53ba2\" data-element_type=\"widget\" data-e-type=\"widget\" data-widget_type=\"text-editor.default\">\n\t\t\t\t<div class=\"elementor-widget-container\">\n\t\t\t\t\t\t\t\t\t<p>Kreutzpointner Business Software GmbH<br \/>Sigmund-Riefler-Bogen 2<br \/>81829 M\u00fcnchen<\/p><p>Telefon: +49 (0) 89 944176-0<br \/>Telefax: +49 (0) 89 944176-499<br \/>E-Mail: info@kenexos.com<\/p><p><span style=\"color: var( --e-global-color-text ); font-family: var( --e-global-typography-text-font-family ), Sans-serif; font-size: var( --e-global-typography-text-font-size ); font-weight: var( --e-global-typography-text-font-weight ); text-align: var(--text-align);\">\u00a0<\/span><\/p>\t\t\t\t\t\t\t\t<\/div>\n\t\t\t\t<\/div>\n\t\t\t\t\t<\/div>\n\t\t\t\t<\/div>\n\t\t\t\t<\/div>\n\t\t","protected":false},"excerpt":{"rendered":"<p>Wir arbeiten derzeit an der Verbesserung der KENEXOS-Plattform.\u00a0 Dadurch sind vor\u00fcbergehend einige Funktionen nicht verf\u00fcgbar. Unser Team arbeitet mit Hochdruck daran, die Wartungsarbeiten so schnell wie m\u00f6glich abzuschlie\u00dfen.&nbsp; Wir bitten um Ihr Verst\u00e4ndnis und bedanken uns f\u00fcr Ihre Geduld. Kreutzpointner Business Software GmbHSigmund-Riefler-Bogen 281829 M\u00fcnchen Telefon: +49 (0) 89 944176-0Telefax: +49 (0) 89 944176-499E-Mail: info@kenexos.com [&hellip;]<\/p>\n","protected":false},"author":1,"featured_media":0,"parent":0,"menu_order":0,"comment_status":"closed","ping_status":"closed","template":"elementor_canvas","meta":{"_angie_page":false,"inline_featured_image":false,"footnotes":""},"folder":[44],"class_list":["post-5999","page","type-page","status-publish","hentry"],"_links":{"self":[{"href":"https:\/\/kenexos.com\/de\/wp-json\/wp\/v2\/pages\/5999","targetHints":{"allow":["GET"]}}],"collection":[{"href":"https:\/\/kenexos.com\/de\/wp-json\/wp\/v2\/pages"}],"about":[{"href":"https:\/\/kenexos.com\/de\/wp-json\/wp\/v2\/types\/page"}],"author":[{"embeddable":true,"href":"https:\/\/kenexos.com\/de\/wp-json\/wp\/v2\/users\/1"}],"replies":[{"embeddable":true,"href":"https:\/\/kenexos.com\/de\/wp-json\/wp\/v2\/comments?post=5999"}],"version-history":[{"count":1,"href":"https:\/\/kenexos.com\/de\/wp-json\/wp\/v2\/pages\/5999\/revisions"}],"predecessor-version":[{"id":17728,"href":"https:\/\/kenexos.com\/de\/wp-json\/wp\/v2\/pages\/5999\/revisions\/17728"}],"wp:attachment":[{"href":"https:\/\/kenexos.com\/de\/wp-json\/wp\/v2\/media?parent=5999"}],"wp:term":[{"taxonomy":"folder","embeddable":true,"href":"https:\/\/kenexos.com\/de\/wp-json\/wp\/v2\/folder?post=5999"}],"curies":[{"name":"wp","href":"https:\/\/api.w.org\/{rel}","templated":true}]}}