{"id":3364,"date":"2023-11-06T17:42:49","date_gmt":"2023-11-06T17:42:49","guid":{"rendered":"https:\/\/kenexos.com\/?page_id=3364"},"modified":"2025-03-20T11:44:33","modified_gmt":"2025-03-20T11:44:33","slug":"impressum","status":"publish","type":"page","link":"https:\/\/kenexos.com\/de\/impressum\/","title":{"rendered":"Impressum"},"content":{"rendered":"\t\t<div data-elementor-type=\"wp-page\" data-elementor-id=\"3364\" class=\"elementor elementor-3364\" data-elementor-post-type=\"page\">\n\t\t\t\t<div class=\"elementor-element elementor-element-6f9c4fd e-flex e-con-boxed e-con e-child\" data-id=\"6f9c4fd\" data-element_type=\"container\" data-e-type=\"container\">\n\t\t\t\t\t<div class=\"e-con-inner\">\n\t\t\t\t<div class=\"elementor-element elementor-element-8436ff2 elementor-widget elementor-widget-text-editor\" data-id=\"8436ff2\" data-element_type=\"widget\" data-e-type=\"widget\" data-widget_type=\"text-editor.default\">\n\t\t\t\t<div class=\"elementor-widget-container\">\n\t\t\t\t\t\t\t\t\t<p><a href=\"\/\">Home<\/a>&nbsp;| Impressum<\/p>\t\t\t\t\t\t\t\t<\/div>\n\t\t\t\t<\/div>\n\t\t\t\t\t<\/div>\n\t\t\t\t<\/div>\n\t\t<div class=\"elementor-element elementor-element-eb163e2 e-flex e-con-boxed e-con e-parent\" data-id=\"eb163e2\" data-element_type=\"container\" data-e-type=\"container\">\n\t\t\t\t\t<div class=\"e-con-inner\">\n\t\t\t\t<div class=\"elementor-element elementor-element-536a974 elementor-widget elementor-widget-text-editor\" data-id=\"536a974\" data-element_type=\"widget\" data-e-type=\"widget\" data-widget_type=\"text-editor.default\">\n\t\t\t\t<div class=\"elementor-widget-container\">\n\t\t\t\t\t\t\t\t\t<header><div id=\"c60\" class=\"frame frame-default frame-type-html frame-layout-0 frame-space-before-medium frame-space-after-medium\"><h2><b>Impressum<\/b><\/h2><p>Kreutzpointner Business Software GmbH<br \/>Sigmund-Riefler-Bogen 2<br \/>81829 M\u00fcnchen<\/p><p>Handelsregister: HRB 259882<br \/>Registergericht: M\u00fcnchen<\/p><p><strong>Vertreten durch:<\/strong><br \/>Christian Ehrenschwendtner<br \/>Stefan Kurz<\/p><h4><strong><br \/>Kontakt<\/strong><\/h4><p>Telefon: +49 (0) 89 944176-0<br \/>Telefax: +49 (0) 89 944176-499<br \/>E-Mail: info@kenexos.com<\/p><h4><strong><br \/>Umsatzsteuer-ID<\/strong><\/h4><p>Umsatzsteuer-Identifikationsnummer gem\u00e4\u00df \u00a7 27 a Umsatzsteuergesetz:<br \/>DE334612599<\/p><h4><strong><br \/>EU-Streitschlichtung<\/strong><\/h4><p>Die Europ\u00e4ische Kommission stellt eine Plattform zur Online-Streitbeilegung (OS) bereit:\u00a0<a href=\"https:\/\/ec.europa.eu\/consumers\/odr\" target=\"_blank\" rel=\"noopener noreferrer\">https:\/\/ec.europa.eu\/consumers\/odr<\/a>.<br \/>Unsere E-Mail-Adresse finden Sie oben im Impressum.<\/p><h4><strong><br \/>Verbraucher\u00adstreit\u00adbeilegung\/Universal\u00adschlichtungs\u00adstelle<\/strong><\/h4><p>Wir sind nicht bereit oder verpflichtet, an Streitbeilegungsverfahren vor einer Verbraucherschlichtungsstelle teilzunehmen.<\/p><h4><strong><br \/>Haftung f\u00fcr Inhalte<\/strong><\/h4><p>Als Diensteanbieter sind wir f\u00fcr eigene Inhalte auf diesen Seiten nach den allgemeinen Gesetzen verantwortlich. Als Diensteanbieter sind wir nicht verpflichtet, \u00fcbermittelte oder gespeicherte fremde Informationen zu \u00fcberwachen oder nach Umst\u00e4nden zu forschen, die auf eine rechtswidrige T\u00e4tigkeit hinweisen.<\/p><p>Verpflichtungen zur Entfernung oder Sperrung der Nutzung von Informationen nach den allgemeinen Gesetzen bleiben hiervon unber\u00fchrt. Eine diesbez\u00fcgliche Haftung ist jedoch erst ab dem Zeitpunkt der Kenntnis einer konkreten Rechtsverletzung m\u00f6glich. Bei Bekanntwerden von entsprechenden Rechtsverletzungen werden wir diese Inhalte umgehend entfernen.<\/p><h4><strong><br \/>Haftung f\u00fcr Links<\/strong><\/h4><p>Unser Angebot enth\u00e4lt Links zu externen Websites Dritter, auf deren Inhalte wir keinen Einfluss haben. Deshalb k\u00f6nnen wir f\u00fcr diese fremden Inhalte auch keine Gew\u00e4hr \u00fcbernehmen. F\u00fcr die Inhalte der verlinkten Seiten ist stets der jeweilige Anbieter oder Betreiber der Seiten verantwortlich. Die verlinkten Seiten wurden zum Zeitpunkt der Verlinkung auf m\u00f6gliche Rechtsverst\u00f6\u00dfe \u00fcberpr\u00fcft. Rechtswidrige Inhalte waren zum Zeitpunkt der Verlinkung nicht erkennbar.<\/p><p>Eine permanente inhaltliche Kontrolle der verlinkten Seiten ist jedoch ohne konkrete Anhaltspunkte einer Rechtsverletzung nicht zumutbar. Bei Bekanntwerden von Rechtsverletzungen werden wir derartige Links umgehend entfernen.<\/p><h4><strong><br \/>Urheberrecht<\/strong><\/h4><p>Die durch die Seitenbetreiber erstellten Inhalte und Werke auf diesen Seiten unterliegen dem deutschen Urheberrecht. Die Vervielf\u00e4ltigung, Bearbeitung, Verbreitung und jede Art der Verwertung au\u00dferhalb der Grenzen des Urheberrechtes bed\u00fcrfen der schriftlichen Zustimmung des jeweiligen Autors bzw. Erstellers. Downloads und Kopien dieser Seite sind nur f\u00fcr den privaten, nicht kommerziellen Gebrauch gestattet.<\/p><p>Soweit die Inhalte auf dieser Seite nicht vom Betreiber erstellt wurden, werden die Urheberrechte Dritter beachtet. Insbesondere werden Inhalte Dritter als solche gekennzeichnet. Sollten Sie trotzdem auf eine Urheberrechtsverletzung aufmerksam werden, bitten wir um einen entsprechenden Hinweis. Bei Bekanntwerden von Rechtsverletzungen werden wir derartige Inhalte umgehend entfernen.<\/p><\/div><div id=\"c443\" class=\"frame frame-default frame-type-textmedia frame-layout-0\"><header><h4><strong><br \/>Quellangaben f\u00fcr Bildmaterial:<\/strong><\/h4><\/header><div class=\"ce-textpic ce-center ce-above\"><div class=\"ce-bodytext\"><p><em>\u00a9Michael March &#8211; marchphotography.com<br \/>\u00a9scyther5\u00a0&#8211; istockphoto.com<br \/>\u00a9danchooalex\u00a0&#8211; istockphoto.com<br \/>\u00a9industryview\u00a0&#8211; istockphoto.com<br \/>\u00a9arhiady\u00a0&#8211; istockphoto.com<br \/>\u00a9me4o\u00a0&#8211; istockphoto.com<br \/>\u00a9Bojan &#8211; fotolia.com<br \/>\u00a9cherezoff &#8211; stock.adobe.com<br \/>\u00a9petovarga &#8211; stock.adobe.com<br \/>\u00a9mirexon &#8211; stock.adobe.com<br \/>\u00a9Syda Productions- stock.adobe.com<br \/>\u00a9naka- stock.adobe.com<br \/>\u00a9Envato Elements &#8211; Alle verwendeten Bilder<br \/>\u00a0 \u00a0wurden f\u00fcr diese Seite lizenziert<br \/>\u00a9Viorel Sima- stock.adobe.com<br \/>\u00a9sepy- stock.adobe.com<br \/>\u00a9Kurhan- stock.adobe.com<br \/>\u00a9Maksim Denisenko- stock.adobe.com<br \/>\u00a9Ja PhotoStocker- stock.adobe.com<br \/>\u00a9industrieblick- stock.adobe.com<br \/>\u00a9ekapolsira- stock.adobe.com<br \/>\u00a9Blue Planet Studio- stock.adobe.com<br \/>\u00a9AzmanL\u00a0&#8211; istockphoto.com<br \/>\u00a9ljubaphoto\u00a0&#8211; istockphoto.com<br \/>\u00a9fotojog &#8211; istockphoto.com<br \/>\u00a9dusanpetkovic &#8211; istockphoto.com<br \/>\u00a9Xavier Arnau &#8211; istockphoto.com<\/em><\/p><\/div><\/div><\/div><\/header>\t\t\t\t\t\t\t\t<\/div>\n\t\t\t\t<\/div>\n\t\t\t\t\t<\/div>\n\t\t\t\t<\/div>\n\t\t<div class=\"elementor-element elementor-element-18851d5 e-flex e-con-boxed e-con e-parent\" data-id=\"18851d5\" data-element_type=\"container\" data-e-type=\"container\">\n\t\t\t\t\t<div class=\"e-con-inner\">\n\t\t\t\t<div class=\"elementor-element elementor-element-7846589 elementor-widget elementor-widget-spacer\" data-id=\"7846589\" data-element_type=\"widget\" data-e-type=\"widget\" data-widget_type=\"spacer.default\">\n\t\t\t\t<div class=\"elementor-widget-container\">\n\t\t\t\t\t\t\t<div class=\"elementor-spacer\">\n\t\t\t<div class=\"elementor-spacer-inner\"><\/div>\n\t\t<\/div>\n\t\t\t\t\t\t<\/div>\n\t\t\t\t<\/div>\n\t\t\t\t\t<\/div>\n\t\t\t\t<\/div>\n\t\t\t\t<\/div>\n\t\t","protected":false},"excerpt":{"rendered":"<p>Home&nbsp;| Impressum Impressum Kreutzpointner Business Software GmbHSigmund-Riefler-Bogen 281829 M\u00fcnchen Handelsregister: HRB 259882Registergericht: M\u00fcnchen Vertreten durch:Christian EhrenschwendtnerStefan Kurz Kontakt Telefon: +49 (0) 89 944176-0Telefax: +49 (0) 89 944176-499E-Mail: info@kenexos.com Umsatzsteuer-ID Umsatzsteuer-Identifikationsnummer gem\u00e4\u00df \u00a7 27 a Umsatzsteuergesetz:DE334612599 EU-Streitschlichtung Die Europ\u00e4ische Kommission stellt eine Plattform zur Online-Streitbeilegung (OS) bereit:\u00a0https:\/\/ec.europa.eu\/consumers\/odr.Unsere E-Mail-Adresse finden Sie oben im Impressum. Verbraucher\u00adstreit\u00adbeilegung\/Universal\u00adschlichtungs\u00adstelle Wir sind [&hellip;]<\/p>\n","protected":false},"author":1,"featured_media":0,"parent":0,"menu_order":0,"comment_status":"closed","ping_status":"closed","template":"","meta":{"inline_featured_image":false,"footnotes":""},"folder":[27],"class_list":["post-3364","page","type-page","status-publish","hentry"],"_links":{"self":[{"href":"https:\/\/kenexos.com\/de\/wp-json\/wp\/v2\/pages\/3364","targetHints":{"allow":["GET"]}}],"collection":[{"href":"https:\/\/kenexos.com\/de\/wp-json\/wp\/v2\/pages"}],"about":[{"href":"https:\/\/kenexos.com\/de\/wp-json\/wp\/v2\/types\/page"}],"author":[{"embeddable":true,"href":"https:\/\/kenexos.com\/de\/wp-json\/wp\/v2\/users\/1"}],"replies":[{"embeddable":true,"href":"https:\/\/kenexos.com\/de\/wp-json\/wp\/v2\/comments?post=3364"}],"version-history":[{"count":32,"href":"https:\/\/kenexos.com\/de\/wp-json\/wp\/v2\/pages\/3364\/revisions"}],"predecessor-version":[{"id":15875,"href":"https:\/\/kenexos.com\/de\/wp-json\/wp\/v2\/pages\/3364\/revisions\/15875"}],"wp:attachment":[{"href":"https:\/\/kenexos.com\/de\/wp-json\/wp\/v2\/media?parent=3364"}],"wp:term":[{"taxonomy":"folder","embeddable":true,"href":"https:\/\/kenexos.com\/de\/wp-json\/wp\/v2\/folder?post=3364"}],"curies":[{"name":"wp","href":"https:\/\/api.w.org\/{rel}","templated":true}]}}