{"id":3360,"date":"2023-11-06T17:36:38","date_gmt":"2023-11-06T17:36:38","guid":{"rendered":"https:\/\/kenexos.com\/?page_id=3360"},"modified":"2026-03-09T08:11:54","modified_gmt":"2026-03-09T08:11:54","slug":"agb","status":"publish","type":"page","link":"https:\/\/kenexos.com\/de\/agb\/","title":{"rendered":"AGB"},"content":{"rendered":"\t\t<div data-elementor-type=\"wp-page\" data-elementor-id=\"3360\" class=\"elementor elementor-3360\" data-elementor-post-type=\"page\">\n\t\t\t\t<div class=\"elementor-element elementor-element-6f9c4fd e-flex e-con-boxed e-con e-child\" data-id=\"6f9c4fd\" data-element_type=\"container\" data-e-type=\"container\">\n\t\t\t\t\t<div class=\"e-con-inner\">\n\t\t\t\t<div class=\"elementor-element elementor-element-8436ff2 elementor-widget elementor-widget-text-editor\" data-id=\"8436ff2\" data-element_type=\"widget\" data-e-type=\"widget\" data-widget_type=\"text-editor.default\">\n\t\t\t\t<div class=\"elementor-widget-container\">\n\t\t\t\t\t\t\t\t\t<p><a href=\"\/\">Home<\/a> | AGB<\/p>\t\t\t\t\t\t\t\t<\/div>\n\t\t\t\t<\/div>\n\t\t\t\t\t<\/div>\n\t\t\t\t<\/div>\n\t\t<div class=\"elementor-element elementor-element-eb163e2 e-flex e-con-boxed e-con e-parent\" data-id=\"eb163e2\" data-element_type=\"container\" data-e-type=\"container\">\n\t\t\t\t\t<div class=\"e-con-inner\">\n\t\t\t\t<div class=\"elementor-element elementor-element-536a974 elementor-widget elementor-widget-text-editor\" data-id=\"536a974\" data-element_type=\"widget\" data-e-type=\"widget\" data-widget_type=\"text-editor.default\">\n\t\t\t\t<div class=\"elementor-widget-container\">\n\t\t\t\t\t\t\t\t\t<header><h2 class=\"\"><b>Nutzungsbedingungen KENEXOS<sup>\u00ae<\/sup><\/b><\/h2><p><sup>Stand: 15. Februar 2025<\/sup><\/p><p><a href=\"https:\/\/kenexos.com\/wp-content\/uploads\/2025\/08\/20250215_Nutzungsbedingungen-KENEXOS.pdf\">Download Nutzungsbedingungen KENEXOS<sup>\u00ae<\/sup> (pdf 80 KB)<\/a><\/p><\/header><div class=\"ce-textpic ce-center ce-above\"><div class=\"ce-bodytext\"><p><strong><br \/>1.\u00a0\u00a0\u00a0\u00a0\u00a0 Vertragspartner<\/strong><\/p><p>1.1\u00a0\u00a0\u00a0 Vertragspartner sind die Kreutzpointner Business Software GmbH, Sigmund-Riefler-Bogen 2, 81829 M\u00fcnchen (\u201ewir\u201c) und der registrierte Inhaber des f\u00fcr den Zugang zur Plattform KENEXOS<sup>\u00ae<\/sup> erforderlichen Accounts (\u201eSie\u201c).<\/p><p>1.2\u00a0\u00a0\u00a0 Die Nutzung der von uns zur Verf\u00fcgung gestellten Leistungen ist nur Unternehmern im Sinne von \u00a7 14 BGB gestattet. Sie best\u00e4tigen mit Ihrer Zustimmung zu diesen Nutzungsbedingungen, dass Sie und s\u00e4mtliche im Rahmen der beauftragten Lizenz t\u00e4tigen Nutzer in Aus\u00fcbung ihrer unternehmerischen T\u00e4tigkeit handeln und kein Verbraucher im Sinne des \u00a7 13 BGB sind.<\/p><p><strong>2.\u00a0\u00a0\u00a0\u00a0\u00a0 Vertragsgegenstand<\/strong><\/p><p>2.1\u00a0\u00a0\u00a0 Wir betreiben eine Plattform zum Baumanagement, Immobilien- und Anlagenverwaltung als Software-as-a-Service (\u201eSaaS\u201c), die im World Wide Web unter der Domain kenexos.com sowie \u00fcber Mobile-Apps f\u00fcr Apple iOS, Android und Windows zug\u00e4nglich ist (\u201ePlattform\u201c).<\/p><p>2.2\u00a0\u00a0\u00a0 Vertragsgegenstand ist die Einr\u00e4umung einer Nutzungsm\u00f6glichkeit der Plattform mit den angebotenen Diensten und Funktionen. Sie d\u00fcrfen die Plattform im Rahmen dieser Nutzungsbedingungen f\u00fcr eigene Zwecke nutzen, und ihre Daten verarbeiten und speichern.<\/p><p>2.3.\u00a0\u00a0 Die Plattform, die f\u00fcr die Nutzung erforderliche Rechnerleistung sowie der notwendige Speicherplatz f\u00fcr Daten wird von uns oder einem von uns beauftragten Rechenzentrum bereitgehalten. Dar\u00fcber hinausgehende Leistungen sind nicht Vertragsgegenstand und bed\u00fcrfen einer gesonderten kostenpflichtigen Vereinbarung.<\/p><p>2.4\u00a0\u00a0\u00a0 Sie haben die M\u00f6glichkeit, die Plattform nach erfolgreicher Registrierung f\u00fcr einen Zeitraum von 14 Kalendertagen kostenlos zu nutzen (\u201eTestphase\u201c). Vor Ablauf der kostenlosen Testphase werden wir Sie kontaktieren und Ihnen die M\u00f6glichkeit geben, die Leistungen im Rahmen des zu diesem Zeitpunkt g\u00fcltigen Lizenzmodells kostenpflichtig weiter zu nutzen. Sollten Sie einer kostenpflichtigen Nutzung nicht zustimmen, wird der Account gesperrt und inkl. den von Ihnen eingegebenen Daten innerhalb von fr\u00fchestens 30 Kalendertagen gel\u00f6scht.<\/p><p>2.5\u00a0\u00a0\u00a0 Wir stellen Ihnen eine Benutzerdokumentation als Online-Hilfe zur Verf\u00fcgung. Sofern im Einzelfall nicht ausdr\u00fccklich etwas anderes in Textform vereinbart wurde, schulden wir dar\u00fcber hinaus keine weitergehende Dokumentation, Schulungs- oder Einweisungsleistungen.<\/p><p>2.6\u00a0\u00a0\u00a0 Diese Nutzungsbedingungen gelten sowohl w\u00e4hrend der kostenlosen Testphase als auch bei einer kostenpflichtigen Nutzung unseres Leistungsangebots.<\/p><p><strong>3.\u00a0\u00a0\u00a0\u00a0\u00a0 Leistungsumfang<\/strong><\/p><p>3.1\u00a0\u00a0\u00a0 Unsere im Rahmen eines SaaS zur Verf\u00fcgung gestellten Leistungen sind modular aufgebaut. Der jeweilige Leistungsumfang kann auf unserer Internetpr\u00e4senz www.kenexos.com eingesehen werden.<\/p><p>3.2\u00a0\u00a0\u00a0 Wir erm\u00f6glichen Ihnen w\u00e4hrend der Vertragslaufzeit den Zugang zur Plattform mittels der f\u00fcr den Account registrierten Zugangsdaten. Der Zugang erfolgt \u00fcber die im World Wide Web unter der Domain kenexos.com zug\u00e4ngliche Internetpr\u00e4senz und\/oder \u00fcber Mobile-Apps f\u00fcr Apple iOS, Android und Windows. Die Installation der Mobile-Apps geh\u00f6rt nicht zu unserem Leistungsumfang.<\/p><p>3.3\u00a0\u00a0\u00a0 Wir entwickeln und betreiben die Plattform nach dem jeweils anerkannten Stand der Technik. Der Funktionsumfang entwickelt sich dynamisch. Wir streben eine kontinuierliche Einbindung neuer Funktionen an. Sie haben jedoch keinen Anspruch auf die Einbindung bestimmter Funktionen. Die aktuell verf\u00fcgbaren Funktionen k\u00f6nnen Sie jederzeit auf unserer Internetpr\u00e4senz www.kenexos.com und in dem in der Plattform enthaltenen Hilfebereich einsehen. Sie akzeptieren tempor\u00e4re Wartungszeiten, die im Zuge der Weiterentwicklung notwendigen sind. Bei l\u00e4ngeren Wartungszeiten, soweit sie planbar sind, werden wir Sie rechtzeitig vorab informieren.<\/p><p>3.4\u00a0\u00a0\u00a0 Wir sind berechtigt, \u00c4nderungen an der Plattform vorzunehmen, sofern diese der Sicherung und Weiterentwicklung der Funktionalit\u00e4t dienen. Die \u00c4nderungen k\u00f6nnen ge\u00e4nderte Systemvoraussetzungen zur Folge haben, daher unterst\u00fctzen wir den Zugang nur unter Einsatz eines jeweils aktuellen Webbrowsers (gem\u00e4\u00df den Kompatibilit\u00e4tshinweisen im\u00a0FAQ-Bereich) bzw. der jeweils aktuellen Mobile-App-Version.<\/p><p>3.5\u00a0\u00a0\u00a0 Ihnen ist bekannt, dass die in der Plattform von Ihnen eingegebenen Daten nicht den Anforderungen der \u201eGrunds\u00e4tze zum Datenzugriff und zur Pr\u00fcfbarkeit digitaler Unterlagen (GDPdU)\u201c gen\u00fcgen.<\/p><p><strong>4.\u00a0\u00a0\u00a0\u00a0\u00a0 Vertragsschluss<\/strong><\/p><p>4.1\u00a0\u00a0\u00a0 Der Zugang zur Plattform erfordert ein Kundenkonto bzw. einen Account, den Sie durch Registrierung Ihrer pers\u00f6nlichen Zugangsdaten, Zustimmung zu diesen Nutzungsbedingungen sowie der Datenschutzbestimmungen in der jeweils g\u00fcltigen Fassung, anlegen k\u00f6nnen. Der Nutzungsvertrag kommt mit der Auftragsbest\u00e4tigung zustande, welche wir Ihnen an die von Ihnen hinterlegte E-Mail-Adresse \u00fcbermitteln. Der Nutzungsvertrag kommt nicht zustande, wenn Sie den Account nicht innerhalb von 24 Stunden nach Zustellung des Aktivierungslinks freischalten.<\/p><p>4.2\u00a0\u00a0\u00a0 Zur Registrierung berechtigt sind ausschlie\u00dflich unbeschr\u00e4nkt gesch\u00e4ftsf\u00e4hige nat\u00fcrliche oder juristische Personen, welche Unternehmer im Sinne des \u00a7 14 BGB sind. Ein Anspruch auf Aktivierung eines Accounts besteht nicht. Der Account ist nicht ohne unsere vorherige Zustimmung \u00fcbertragbar.<\/p><p>4.3\u00a0\u00a0\u00a0 Allgemeine Gesch\u00e4ftsbedingungen von Ihnen werden nicht Vertragsbestandteil.<\/p><p><strong>5.\u00a0\u00a0\u00a0\u00a0\u00a0 Rechteeinr\u00e4umung<\/strong><\/p><p>5.1\u00a0\u00a0\u00a0 Wir gestatten Ihnen w\u00e4hrend der Vertragslaufzeit die nicht ausschlie\u00dfliche, nicht \u00fcbertragbare und nicht unterlizenzierbare Nutzung der Plattform \u00fcber den Ihnen zugeordneten Account nach Ma\u00dfgabe dieser Nutzungsbedingungen. Sie d\u00fcrfen die Plattform und darin enthaltenen Funktionen und Dienste insb. nur soweit vervielf\u00e4ltigen, als dies f\u00fcr die bestimmungsgem\u00e4\u00dfe Nutzung erforderlich ist. Ihnen ist es nicht gestattet, die Plattform und darin enthaltenen Funktionen und Dienste oder Teile davon dar\u00fcber hinausgehend zu vervielf\u00e4ltigen, zu ver\u00e4u\u00dfern, zu vermieten, zu verleihen oder auf sonstige Weise Dritten kostenlos oder kostenpflichtig zu \u00fcberlassen oder diesen Unterlizenzen daran zu gew\u00e4hren. Die bestimmungsgem\u00e4\u00dfe und vor\u00fcbergehende Vergabe von Zug\u00e4ngen an Nachunternehmer ist erlaubt.<\/p><p>5.2\u00a0\u00a0\u00a0 Die Nutzung soll insb. erfolgen, um Daten zur Baustellendokumentation und Kommunikation, zum Immobilienmanagement, zur Anlagenverwaltung, Instandhaltung und Betrieb zu speichern und abzurufen, sowie sie ggfs. mit Ihren Nachunternehmern zu teilen.<\/p><p>5.3\u00a0\u00a0\u00a0 Sie erwerben durch die Nutzung der Plattform keine \u00fcber die in diesen Nutzungsbedingungen gew\u00e4hrten hinausgehenden Rechte an der Plattform oder den enthaltenen Funktionen oder Diensten, wie z.B. Urheber-, Patent-, Marken- oder sonstigen Immaterialg\u00fcterrechte.<\/p><p><strong>6.\u00a0\u00a0\u00a0\u00a0\u00a0 Verg\u00fctung<\/strong><\/p><p>6.1\u00a0\u00a0\u00a0 Nach Ablauf der Testphase haben Sie die Nutzung der Plattform und der damit einhergehenden Funktionen und Dienste im Rahmen des von Ihnen bestellten Lizenzmodells gem\u00e4\u00df der jeweils g\u00fcltigen Preistabelle zu verg\u00fcten.<\/p><p>6.2\u00a0\u00a0\u00a0 Die angegebenen Preise verstehen sich stets netto. Die jeweils g\u00fcltige Umsatzsteuer ist gesondert zu entrichten.<\/p><p>6.3\u00a0\u00a0\u00a0 Das Entgelt wird nach Monatsabschnitten berechnet und ist am 1. Werktag eines jeden Monats im Voraus zur Zahlung f\u00e4llig, sofern im Einzelfall nicht etwas anderes vereinbart wurde.<\/p><p>6.4\u00a0\u00a0\u00a0 Ohne eine abweichende Vereinbarung sind wir berechtigt, unsere Verg\u00fctung im Lastschrifteinzugsverfahren einzuziehen. Hierzu bedarf es Ihrer Erm\u00e4chtigung. Sie haben f\u00fcr die erforderliche Deckung des angegebenen Bankkontos zu sorgen.<\/p><p>6.3\u00a0\u00a0\u00a0 Wir k\u00f6nnen das Entgelt der allgemeinen Preisentwicklung anpassen. Betr\u00e4gt die Erh\u00f6hung des Entgelts mehr als 10% k\u00f6nnen Sie das Vertragsverh\u00e4ltnis mit Wirkung zum Zeitpunkt der Preiserh\u00f6hung k\u00fcndigen. Eine Preiserh\u00f6hung werden wir rechtzeitig, in der Regel mind. einen Monat vorher ank\u00fcndigen. Ihr Sonderk\u00fcndigungsrecht k\u00f6nnen Sie bis zu zwei Wochen vor Eintritt der Preiserh\u00f6hung aus\u00fcben.<\/p><p>6.4\u00a0\u00a0\u00a0 Eine Aufrechnung gegen unsere Entgeltforderungen ist ausgeschlossen, soweit die Gegenforderung nicht rechtskr\u00e4ftig festgestellt, entscheidungsreif oder unbestritten ist. Gleiches gilt f\u00fcr die Geltendmachung eines Zur\u00fcckbehaltungsrechts.<\/p><p><strong>7.\u00a0\u00a0\u00a0\u00a0\u00a0 Vertragslaufzeit und K\u00fcndigung<\/strong><\/p><p>7.1\u00a0 \u00a0 Der Nutzungsvertrag tritt mit Aktivierung des Accounts in Kraft. Sofern keine abweichende Vereinbarung getroffen wurde, gilt der Vertrag auf unbestimmte Zeit. In diesem Fall kann jede Vertragspartei den Nutzungsvertrag jederzeit mit einer Frist von 14 Tagen zum Ende eines Kalendermonats ordentlich k\u00fcndigen. Die K\u00fcndigung erfolgt durch Mitteilung in Textform.<\/p><p>7.2\u00a0 \u00a0 Abweichend hiervon kann im Einzelfall eine feste Vertragslaufzeit vereinbart werden. In diesem Fall endet der Vertrag mit Ablauf der vereinbarten Laufzeit, sofern keine automatische Verl\u00e4ngerung vorgesehen ist. Ist eine automatische Verl\u00e4ngerung vereinbart, verl\u00e4ngert sich der Vertrag jeweils um die vereinbarte Verl\u00e4ngerungsdauer, sofern er nicht von einer der Vertragsparteien mit einer Frist von drei Monaten zum Ende der jeweiligen Laufzeit in Textform gek\u00fcndigt wird.<\/p><p>7.3\u00a0\u00a0\u00a0 Das Recht der Vertragsparteien zur K\u00fcndigung aus wichtigem Grund ohne Einhaltung einer K\u00fcndigungsfrist bleibt unber\u00fchrt. Ein wichtiger Grund liegt insb. vor, wenn ein Vertragspartner die in diesem Vertrag ausdr\u00fccklich geregelten Pflichten grob verletzt, sowie insbesondere dann, wenn \u00fcber das Verm\u00f6gen der anderen Vertragspartei das Insolvenzverfahren er\u00f6ffnet oder die andere Vertragspartei insolvent oder zahlungsunf\u00e4hig wird. Ein wichtiger Grund liegt ferner dann vor, wenn Sie mit der Entrichtung des Entgelts oder eines nicht unerheblichen Teils des Entgelts l\u00e4nger als 14 Tage in Verzug sind. F\u00fcr Sie kann ein wichtiger Grund in einer erheblichen Unterschreitung der vereinbarten Verf\u00fcgbarkeit der Plattform liegen; hiervon ist regelm\u00e4\u00dfig bei einem Unterschreiten um mehr als 10% auszugehen.<\/p><p>7.4\u00a0\u00a0\u00a0 Nach Beendigung des Nutzungsvertrages werden die auf der Plattform von Ihnen eingegebenen Daten f\u00fcr einen Zeitraum von 30 Kalendertagen gespeichert. Ihnen obliegt es, innerhalb dieses Zeitraums Ihre Daten eigenverantwortlich zu sichern. Nach Ablauf der vorgenannten Vorhaltefrist ist ein Zugriff auf Ihre Daten nicht mehr m\u00f6glich.<\/p><p><strong>8.\u00a0\u00a0\u00a0\u00a0\u00a0 Allgemeine Pflichten<\/strong><\/p><p>8.1\u00a0\u00a0\u00a0 Innerhalb von max. 24 Stunden nach Erhalt der Auftragsbest\u00e4tigung validieren Sie bitte Ihre bei der Registrierung f\u00fcr Ihren Account hinterlegte E-Mail-Adresse, indem Sie den in der Auftragsbest\u00e4tigung \u00fcbermittelten Aktivierungslink aufrufen und anschlie\u00dfend das Passwort \u00e4ndern. Wenn Sie die Validierung nicht fristgerecht durchf\u00fchren, wird der Account nicht aktiviert, sondern der Vertrag automatisch aufgel\u00f6st. Wir l\u00f6schen dann Ihre Registrierungsdaten.<\/p><p>8.2\u00a0\u00a0\u00a0 Die technischen Voraussetzungen zur Nutzung des Accounts (z.B. Internetzugang, Webbrowser, Endger\u00e4t) m\u00fcssen Sie auf eigene Kosten beschaffen und unterhalten. Sie sind auch verpflichtet, Ihre f\u00fcr den Zugang zur Plattform genutzten Betriebssysteme, Webbrowser und Mobile-Apps aktuell zu halten. Sie tragen die alleinige Verantwortung f\u00fcr die Funktionsf\u00e4higkeit Ihres Internet-Zugangs einschlie\u00dflich der \u00dcbertragungswege sowie Ihrer eigenen EDV.<\/p><p>8.3\u00a0\u00a0\u00a0 Wir \u00fcbermitteln Ihnen die f\u00fcr die Nutzung der Plattform erforderlichen Zugangsdaten zur Identifikation und Authentifikation. Ihnen ist es nicht gestattet, diese Zugangsdaten Dritten zu \u00fcberlassen, sofern es sich nicht um einen uns benannten zus\u00e4tzlichen Nutzer handelt, der in der gebuchten Lizenz enthalten und bei der Entgeltberechnung ber\u00fccksichtigt wurde. Neue zus\u00e4tzliche Nutzer sind uns vor T\u00e4tigkeitsbeginn zu melden, damit eine Anpassung der Entgeltberechnung erfolgen kann.<\/p><p>8.4\u00a0\u00a0\u00a0 Sie haben sicherzustellen, dass die von ihnen verwendeten Inhalte und Materialien frei von Rechten Dritter sind und keine rechtswidrigen Inhalte enthalten.<\/p><p>Machen Dritte (einschlie\u00dflich \u00f6ffentliche Stellen) uns gegen\u00fcber Anspr\u00fcche bzw. Rechtsverletzungen geltend, die auf der Behauptung beruhen, dass Sie gegen vertragliche Pflichten versto\u00dfen haben, insbesondere rechtswidrige Daten auf die Plattform eingespielt oder die Plattform in wettbewerbswidriger oder sonst rechtswidriger Weise genutzt haben, haben Sie uns von diesen Anspr\u00fcchen unverz\u00fcglich freizustellen und uns bei der Rechtsverteidigung angemessen zu unterst\u00fctzen und uns von den Kosten der Rechtsverteidigung freizustellen.<\/p><p>8.5\u00a0\u00a0\u00a0 Sie d\u00fcrfen keine Handlungen vornehmen, durch welche die Plattform funktional oder in ihrem Betrieb beeintr\u00e4chtigt werden k\u00f6nnte (z.B. durch Skripte). Ebenso wenig d\u00fcrfen Sie auf nicht-\u00f6ffentliche Bereiche der Plattform au\u00dferhalb Ihres eigenen Accounts zugreifen, wobei bereits ein versuchter Zugriff einen schwerwiegenden Versto\u00df gegen diese Nutzungsbedingungen darstellt. Insbesondere d\u00fcrfen Sie nicht auf andere Accounts zugreifen oder Funktionen und Daten auf der Plattform au\u00dferhalb der vorgesehenen Nutzung modifizieren, \u00fcberschreiben, kopieren oder verbreiten.<\/p><p><strong>9.\u00a0\u00a0\u00a0\u00a0\u00a0 Referenzkunde, Zugangssperrung<\/strong><\/p><p>9.1\u00a0\u00a0\u00a0 Bei einem Versto\u00df gegen die in diesen Nutzungsbedingungen enthaltenen Verpflichtungen, insb. bei einem Zahlungsverzug, k\u00f6nnen wir Ihren Zugang zum Portal sperren. Dadurch entfallen die Verpflichtungen dieser Nutzungsvereinbarung nicht. Etwaige mit der Sperrung einhergehende Kosten haben Sie zu ersetzen.<\/p><p>9.2\u00a0\u00a0\u00a0 Sie stimmen einer Nennung als Referenzkunde in unserem Au\u00dfenauftritt ausdr\u00fccklich zu. Sollten hierbei Kundenlogos, Projektdaten, o.\u00e4. verwendet werden, wird dies mit Ihnen vorab abgestimmt.<\/p><p><strong>10.\u00a0\u00a0\u00a0 M\u00e4ngelanspr\u00fcche, Funktionsst\u00f6rungen und Haftung<\/strong><\/p><p>10.1\u00a0 F\u00fcr die M\u00e4ngelanspr\u00fcche gilt mietvertragliches M\u00e4ngelrecht.<\/p><p>10.2\u00a0 M\u00e4ngelanspr\u00fcche verj\u00e4hren innerhalb von 12 Monaten, soweit nicht gesetzlich eine l\u00e4ngere Verj\u00e4hrungsfrist zwingend vorgeschrieben ist.<\/p><p>10.3\u00a0 M\u00e4ngelanspr\u00fcche sind w\u00e4hrend einer kostenlosen Nutzung der Plattform (14 t\u00e4giger Testzugang) ausgeschlossen. Davon ausgenommen sind Anspr\u00fcche, die daraus resultieren, dass wir vors\u00e4tzlich oder grob fahrl\u00e4ssig gehandelt haben.<\/p><p>10.4\u00a0 Das K\u00fcndigungsrecht wegen Nichtgew\u00e4hrung des Gebrauchs nach \u00a7 543 Absatz 2 Satz 1 Nr. 1 BGB ist ausgeschlossen, sofern nicht die Herstellung des vertragsgem\u00e4\u00dfen Gebrauchs als fehlgeschlagen anzusehen ist.<\/p><p>10.5\u00a0 Die verschuldensunabh\u00e4ngige Haftung f\u00fcr bei Vertragsschluss vorhandene Sachm\u00e4ngel (sog. Garantiehaftung) ist ausgeschlossen, \u00a7 536a Abs. 1 Alt. 1 BGB findet insoweit keine Anwendung.<\/p><p>10.6\u00a0 Bei der Umschreibung, Eingrenzung, Feststellung und Meldung von St\u00f6rungen haben Sie uns im erforderlichen Ma\u00df zu unterst\u00fctzen. Insb. sind St\u00f6rungsmeldungen und Fragen nach Kr\u00e4ften zu pr\u00e4zisieren und dabei m\u00fcssen Sie ggfs. auf kompetente Mitarbeiter zur\u00fcckgreifen. Sie haben die von uns erteilten Hinweise zu befolgen.<\/p><p>10.7\u00a0 Sie sind selbst verantwortlich, auf Ihrer EDV f\u00fcr einen ausreichenden Virenschutz zu sorgen und diesen stets aktuell zu halten. Die Haftung f\u00fcr Datenverlust wird auf den typischen Wiederherstellungsaufwand beschr\u00e4nkt, der bei regelm\u00e4\u00dfiger und gefahrentsprechender Anfertigung von Sicherungskopien eingetreten w\u00e4re.<\/p><p>10.8\u00a0 Die Plattform ist nicht f\u00fcr zeit- oder betriebskritische Anwendungen konstruiert und wir gew\u00e4hrleisten daher auch keine st\u00e4ndige Erreichbarkeit der Plattform. Insbesondere kann die Plattform bei Wartungsarbeiten oder bei technischen St\u00f6rungen zeitweise unerreichbar sein. Wir haben auch keinen Einfluss auf die Qualit\u00e4t der Internetanbindung zwischen Ihrem Endger\u00e4t und der Plattform. Die Nutzung der mobilen Apps kann nach Synchronisierung der Daten auch ohne Internet-Verbindung erfolgen.<\/p><p>10.9\u00a0 Im \u00dcbrigen haften wir unabh\u00e4ngig vom Rechtsgrund f\u00fcr uns zurechenbare Haftungsf\u00e4lle wie folgt:<\/p><p>a)\u00a0 Im Falle von Vorsatz oder grober Fahrl\u00e4ssigkeit haften wir unbeschr\u00e4nkt.<\/p><p>b)\u00a0 Bei einfacher Fahrl\u00e4ssigkeit haften wir nur f\u00fcr Sch\u00e4den aus der Verletzung einer wesentlichen Vertragspflicht (d.h. einer Verpflichtung, deren Erf\u00fcllung die ordnungsgem\u00e4\u00dfe Durchf\u00fchrung des Vertrags \u00fcberhaupt erst erm\u00f6glicht und auf deren Einhaltung Sie regelm\u00e4\u00dfig vertrauen und vertrauen d\u00fcrfen); in diesem Fall ist unsere Haftung jedoch auf den Ersatz des vertragstypischen, vorhersehbaren Schadens beschr\u00e4nkt. Zu ber\u00fccksichtigen ist dabei, dass die Plattform weder f\u00fcr betriebs- noch zeitkritische Anwendungen betrieben wird.<\/p><p>c)\u00a0 Die sich aus Unterpunkt (b) ergebenden Haftungsausschl\u00fcsse und Haftungsbeschr\u00e4nkungen gelten nicht, soweit wir einen Mangel arglistig verschweigen oder eine Beschaffenheitsgarantie \u00fcbernommen haben. Sie gelten auch nicht f\u00fcr Sch\u00e4den aus der Verletzung des Lebens, des K\u00f6rpers oder der Gesundheit, sowie im Fall einer Haftung nach dem Produkthaftungsgesetz.<\/p><p>d)\u00a0 Soweit unsere Haftung ausgeschlossen oder beschr\u00e4nkt ist, gilt dies auch f\u00fcr die pers\u00f6nliche Haftung unserer gesetzlichen Vertreter und Erf\u00fcllungsgehilfen.<\/p><p><strong>11.\u00a0\u00a0\u00a0 Datenschutz und Lizenzbedingungen Dritter<\/strong><\/p><p>11.1\u00a0 Die Verarbeitung personenbezogener Daten auf der Plattform ist in unserer Datenschutzinformation beschrieben.<\/p><p>11.2\u00a0 Die Plattform nutzt Software(-bestandteile) Dritter, wie z.B. Amazon Web Services. Erg\u00e4nzend zu diesen Nutzungsbedingungen gelten die jeweiligen Datenschutz- und Lizenzbestimmungen Dritter, welche unter\u00a0<a href=\"https:\/\/aws.amazon.com\/de\/compliance\/data-privacy\/\" target=\"_blank\" rel=\"noopener noreferrer\">https:\/\/aws.amazon.com\/de\/compliance\/data-privacy\/<\/a>\u00a0abrufbar sind.<\/p><p><strong>12.\u00a0\u00a0\u00a0 Sonstiges<\/strong><\/p><p>12.1\u00a0 \u00a7 312i Abs. 1 S. 1 Nr. 1 bis 3 und Satz 2 BGB werden abbedungen.<\/p><p>12.2\u00a0 Der Nutzungsvertrag unterliegt deutschem Recht unter Ausschluss des UN Kaufrechts (CSIG).<\/p><p>12.3\u00a0 Als ausschlie\u00dflicher Gerichtsstand wird das f\u00fcr unseren Betriebssitz jeweils zust\u00e4ndige Gericht vereinbart.<\/p><p>12.4\u00a0 Sollten einzelne Bestimmungen des Nutzungsvertrages unwirksam sein oder werden, so wird die Wirksamkeit der \u00fcbrigen Bestimmungen dadurch nicht beeintr\u00e4chtigt.<\/p><p>12.5\u00a0 Vertrags\u00e4nderungen bed\u00fcrfen der Textform. Dies gilt auch f\u00fcr die Aufhebung oder \u00c4nderung dieser Textformklausel. Wenn wir diesen Nutzungsvertrag mit Wirkung f\u00fcr die Zukunft \u00e4ndern m\u00f6chten, werden wir Ihnen vorher die geplanten \u00c4nderungen an den Nutzungsbedingungen mitteilen und darauf hinweisen, dass die \u00c4nderungen als angenommen gelten, wenn Sie ihnen nicht innerhalb von vier Wochen widersprechen, sondern die Plattform weiterhin nutzen. Die Mitteilung erfolgt in der Regel an die im Account hinterlegte E-Mail-Adresse, ansonsten \u00fcber die Plattform selbst.<\/p><p>12.6\u00a0 M\u00fcndliche Nebenabreden bestehen nicht.<\/p><\/div><\/div>\t\t\t\t\t\t\t\t<\/div>\n\t\t\t\t<\/div>\n\t\t\t\t\t<\/div>\n\t\t\t\t<\/div>\n\t\t\t\t<\/div>\n\t\t","protected":false},"excerpt":{"rendered":"<p>Home | AGB Nutzungsbedingungen KENEXOS\u00ae Stand: 15. Februar 2025 Download Nutzungsbedingungen KENEXOS\u00ae (pdf 80 KB) 1.\u00a0\u00a0\u00a0\u00a0\u00a0 Vertragspartner 1.1\u00a0\u00a0\u00a0 Vertragspartner sind die Kreutzpointner Business Software GmbH, Sigmund-Riefler-Bogen 2, 81829 M\u00fcnchen (\u201ewir\u201c) und der registrierte Inhaber des f\u00fcr den Zugang zur Plattform KENEXOS\u00ae erforderlichen Accounts (\u201eSie\u201c). 1.2\u00a0\u00a0\u00a0 Die Nutzung der von uns zur Verf\u00fcgung gestellten Leistungen ist [&hellip;]<\/p>\n","protected":false},"author":1,"featured_media":0,"parent":0,"menu_order":0,"comment_status":"closed","ping_status":"closed","template":"","meta":{"inline_featured_image":false,"footnotes":""},"folder":[27],"class_list":["post-3360","page","type-page","status-publish","hentry"],"_links":{"self":[{"href":"https:\/\/kenexos.com\/de\/wp-json\/wp\/v2\/pages\/3360","targetHints":{"allow":["GET"]}}],"collection":[{"href":"https:\/\/kenexos.com\/de\/wp-json\/wp\/v2\/pages"}],"about":[{"href":"https:\/\/kenexos.com\/de\/wp-json\/wp\/v2\/types\/page"}],"author":[{"embeddable":true,"href":"https:\/\/kenexos.com\/de\/wp-json\/wp\/v2\/users\/1"}],"replies":[{"embeddable":true,"href":"https:\/\/kenexos.com\/de\/wp-json\/wp\/v2\/comments?post=3360"}],"version-history":[{"count":10,"href":"https:\/\/kenexos.com\/de\/wp-json\/wp\/v2\/pages\/3360\/revisions"}],"predecessor-version":[{"id":15942,"href":"https:\/\/kenexos.com\/de\/wp-json\/wp\/v2\/pages\/3360\/revisions\/15942"}],"wp:attachment":[{"href":"https:\/\/kenexos.com\/de\/wp-json\/wp\/v2\/media?parent=3360"}],"wp:term":[{"taxonomy":"folder","embeddable":true,"href":"https:\/\/kenexos.com\/de\/wp-json\/wp\/v2\/folder?post=3360"}],"curies":[{"name":"wp","href":"https:\/\/api.w.org\/{rel}","templated":true}]}}