{"id":2579,"date":"2023-10-27T13:24:24","date_gmt":"2023-10-27T13:24:24","guid":{"rendered":"https:\/\/kenexos.com\/?page_id=2579"},"modified":"2026-04-22T02:13:57","modified_gmt":"2026-04-22T02:13:57","slug":"kenexos-iot","status":"publish","type":"page","link":"https:\/\/kenexos.com\/de\/plattform\/technologie\/kenexos-iot\/","title":{"rendered":"KENEXOS IoT"},"content":{"rendered":"\t\t<div data-elementor-type=\"wp-page\" data-elementor-id=\"2579\" class=\"elementor elementor-2579\" data-elementor-post-type=\"page\">\n\t\t\t\t<div class=\"elementor-element elementor-element-9bc3a17 e-flex e-con-boxed e-con e-parent\" data-id=\"9bc3a17\" data-element_type=\"container\" data-e-type=\"container\" data-settings=\"{&quot;background_background&quot;:&quot;classic&quot;}\">\n\t\t\t\t\t<div class=\"e-con-inner\">\n\t\t<div class=\"elementor-element elementor-element-1b71300 e-con-full e-flex e-con e-child\" data-id=\"1b71300\" data-element_type=\"container\" data-e-type=\"container\">\n\t\t\t\t<div class=\"elementor-element elementor-element-3d2f397 elementor-widget__width-initial elementor-widget elementor-widget-heading\" data-id=\"3d2f397\" data-element_type=\"widget\" data-e-type=\"widget\" data-widget_type=\"heading.default\">\n\t\t\t\t<div class=\"elementor-widget-container\">\n\t\t\t\t\t<h2 class=\"elementor-heading-title elementor-size-default\">KENEXOS<sup>\u00ae<\/sup> IoT<\/h2>\t\t\t\t<\/div>\n\t\t\t\t<\/div>\n\t\t\t\t<div class=\"elementor-element elementor-element-0567604 elementor-widget__width-initial elementor-widget-laptop__width-initial elementor-widget-tablet_extra__width-initial elementor-widget-tablet__width-initial elementor-widget-mobile_extra__width-initial elementor-widget elementor-widget-text-editor\" data-id=\"0567604\" data-element_type=\"widget\" data-e-type=\"widget\" data-widget_type=\"text-editor.default\">\n\t\t\t\t<div class=\"elementor-widget-container\">\n\t\t\t\t\t\t\t\t\t<p><strong>Nahtlose IoT-Integration f\u00fcr intelligente, nachhaltige und effiziente Geb\u00e4ude und Anlagen<br \/><\/strong>Mit KENEXOS<sup>\u00ae<\/sup> verbinden Sie Ihre IoT-Ger\u00e4te m\u00fchelos und schaffen so eine effiziente, datengetriebene Infrastruktur.<\/p>\t\t\t\t\t\t\t\t<\/div>\n\t\t\t\t<\/div>\n\t\t\t\t<\/div>\n\t\t<div class=\"elementor-element elementor-element-96393d5 e-con-full e-flex e-con e-child\" data-id=\"96393d5\" data-element_type=\"container\" data-e-type=\"container\">\n\t\t\t\t<div class=\"elementor-element elementor-element-239f956 elementor-widget elementor-widget-image\" data-id=\"239f956\" data-element_type=\"widget\" data-e-type=\"widget\" data-widget_type=\"image.default\">\n\t\t\t\t<div class=\"elementor-widget-container\">\n\t\t\t\t\t\t\t\t\t\t\t\t\t\t\t<img fetchpriority=\"high\" decoding=\"async\" width=\"400\" height=\"400\" src=\"https:\/\/kenexos.com\/wp-content\/uploads\/2025\/05\/KENEXOS_FIN.webp\" class=\"attachment-large size-large wp-image-11424\" alt=\"\" srcset=\"https:\/\/kenexos.com\/wp-content\/uploads\/2025\/05\/KENEXOS_FIN.webp 400w, https:\/\/kenexos.com\/wp-content\/uploads\/2025\/05\/KENEXOS_FIN-300x300.webp 300w, https:\/\/kenexos.com\/wp-content\/uploads\/2025\/05\/KENEXOS_FIN-150x150.webp 150w\" sizes=\"(max-width: 400px) 100vw, 400px\" \/>\t\t\t\t\t\t\t\t\t\t\t\t\t\t\t<\/div>\n\t\t\t\t<\/div>\n\t\t\t\t<\/div>\n\t\t\t\t\t<\/div>\n\t\t\t\t<\/div>\n\t\t<div class=\"elementor-element elementor-element-0528a6c e-flex e-con-boxed e-con e-parent\" data-id=\"0528a6c\" data-element_type=\"container\" data-e-type=\"container\">\n\t\t\t\t\t<div class=\"e-con-inner\">\n\t\t<div class=\"elementor-element elementor-element-501abb1 e-flex e-con-boxed e-con e-child\" data-id=\"501abb1\" data-element_type=\"container\" data-e-type=\"container\">\n\t\t\t\t\t<div class=\"e-con-inner\">\n\t\t\t\t<div class=\"elementor-element elementor-element-fa22d95 elementor-widget elementor-widget-text-editor\" data-id=\"fa22d95\" data-element_type=\"widget\" data-e-type=\"widget\" data-widget_type=\"text-editor.default\">\n\t\t\t\t<div class=\"elementor-widget-container\">\n\t\t\t\t\t\t\t\t\t<p><a href=\"\/\">Home<\/a> | <a href=\"https:\/\/kenexos.com\/de\/plattform\/\">Plattform<\/a> | <a href=\"https:\/\/kenexos.com\/de\/plattform\/technologie\/\">Technologie<\/a> | KENEXOS<sup>\u00ae <\/sup>IoT<\/p>\t\t\t\t\t\t\t\t<\/div>\n\t\t\t\t<\/div>\n\t\t\t\t\t<\/div>\n\t\t\t\t<\/div>\n\t\t\t\t\t<\/div>\n\t\t\t\t<\/div>\n\t\t<div class=\"elementor-element elementor-element-e806173 e-flex e-con-boxed e-con e-parent\" data-id=\"e806173\" data-element_type=\"container\" data-e-type=\"container\">\n\t\t\t\t\t<div class=\"e-con-inner\">\n\t\t<div class=\"elementor-element elementor-element-4052d9d e-con-full e-flex e-con e-child\" data-id=\"4052d9d\" data-element_type=\"container\" data-e-type=\"container\">\n\t\t\t\t<div class=\"elementor-element elementor-element-86e147c elementor-widget elementor-widget-heading\" data-id=\"86e147c\" data-element_type=\"widget\" data-e-type=\"widget\" data-widget_type=\"heading.default\">\n\t\t\t\t<div class=\"elementor-widget-container\">\n\t\t\t\t\t<h2 class=\"elementor-heading-title elementor-size-default\">KENEXOS<sup>\u00ae<\/sup> IoT \/ Maschinendatenerfassung<\/h2>\t\t\t\t<\/div>\n\t\t\t\t<\/div>\n\t\t\t\t<\/div>\n\t\t<div class=\"elementor-element elementor-element-3d2393e e-con-full e-flex e-con e-child\" data-id=\"3d2393e\" data-element_type=\"container\" data-e-type=\"container\">\n\t\t<div class=\"elementor-element elementor-element-9b7913f e-con-full e-flex e-con e-child\" data-id=\"9b7913f\" data-element_type=\"container\" data-e-type=\"container\">\n\t\t\t\t<div class=\"elementor-element elementor-element-b394492 elementor-widget elementor-widget-image\" data-id=\"b394492\" data-element_type=\"widget\" data-e-type=\"widget\" data-widget_type=\"image.default\">\n\t\t\t\t<div class=\"elementor-widget-container\">\n\t\t\t\t\t\t\t\t\t\t\t\t\t\t\t<img decoding=\"async\" width=\"800\" height=\"534\" src=\"https:\/\/kenexos.com\/wp-content\/uploads\/2023\/10\/iot-1024x683.webp\" class=\"elementor-animation-grow attachment-large size-large wp-image-2581\" alt=\"\" srcset=\"https:\/\/kenexos.com\/wp-content\/uploads\/2023\/10\/iot-1024x683.webp 1024w, https:\/\/kenexos.com\/wp-content\/uploads\/2023\/10\/iot-300x200.webp 300w, https:\/\/kenexos.com\/wp-content\/uploads\/2023\/10\/iot-768x512.webp 768w, https:\/\/kenexos.com\/wp-content\/uploads\/2023\/10\/iot-1536x1024.webp 1536w, https:\/\/kenexos.com\/wp-content\/uploads\/2023\/10\/iot.webp 1600w\" sizes=\"(max-width: 800px) 100vw, 800px\" \/>\t\t\t\t\t\t\t\t\t\t\t\t\t\t\t<\/div>\n\t\t\t\t<\/div>\n\t\t\t\t<\/div>\n\t\t<div class=\"elementor-element elementor-element-3f98c41 e-con-full e-flex e-con e-child\" data-id=\"3f98c41\" data-element_type=\"container\" data-e-type=\"container\">\n\t\t\t\t<div class=\"elementor-element elementor-element-fdf396b elementor-widget__width-initial elementor-widget elementor-widget-text-editor\" data-id=\"fdf396b\" data-element_type=\"widget\" data-e-type=\"widget\" data-widget_type=\"text-editor.default\">\n\t\t\t\t<div class=\"elementor-widget-container\">\n\t\t\t\t\t\t\t\t\t<p><strong>Hauptnutzen:\u00a0<\/strong>Wettbewerbsvorteil und sinkende Kosten\u00a0<\/p><p><strong>Industrie 4.0 =<\/strong>\u00a0Vernetzung von Maschinen und IT\u00a0<\/p>\t\t\t\t\t\t\t\t<\/div>\n\t\t\t\t<\/div>\n\t\t\t\t<\/div>\n\t\t\t\t<\/div>\n\t\t\t\t\t<\/div>\n\t\t\t\t<\/div>\n\t\t<div class=\"elementor-element elementor-element-ddca615 e-flex e-con-boxed e-con e-parent\" data-id=\"ddca615\" data-element_type=\"container\" data-e-type=\"container\" data-settings=\"{&quot;background_background&quot;:&quot;classic&quot;}\">\n\t\t\t\t\t<div class=\"e-con-inner\">\n\t\t<div class=\"elementor-element elementor-element-29ed628 e-con-full e-flex e-con e-child\" data-id=\"29ed628\" data-element_type=\"container\" data-e-type=\"container\">\n\t\t\t\t<div class=\"elementor-element elementor-element-5849ee8 elementor-widget elementor-widget-text-editor\" data-id=\"5849ee8\" data-element_type=\"widget\" data-e-type=\"widget\" data-widget_type=\"text-editor.default\">\n\t\t\t\t<div class=\"elementor-widget-container\">\n\t\t\t\t\t\t\t\t\t<p>Informationen, die an einer Maschine oder einer Messeinrichtung anfallen, k\u00f6nnen unterschieden werden in Prozess- und Produktdaten.\u00a0<\/p><p>\u00a0<\/p><p>Prozessdaten umfassen in erster Linie Informationen, die im Betrieb erzeugt werden und den Zustand einer Maschine oder Messeinheit widerspiegeln. Das k\u00f6nnen Temperatur, Energieverbrauch etc. Sein.\u00a0<\/p><p>\u00a0<\/p><p>Produktdaten liefern im Zusammenhang mit dem Betrieb einer Anlage Informationen \u00fcber den Produktionsverlauf, das k\u00f6nnen St\u00fcckzahlen, Gewichte und vieles mehr sein.\u00a0<\/p>\t\t\t\t\t\t\t\t<\/div>\n\t\t\t\t<\/div>\n\t\t\t\t<\/div>\n\t\t<div class=\"elementor-element elementor-element-95f4f48 e-con-full e-flex e-con e-child\" data-id=\"95f4f48\" data-element_type=\"container\" data-e-type=\"container\">\n\t\t\t\t<div class=\"elementor-element elementor-element-407b91f elementor-widget elementor-widget-text-editor\" data-id=\"407b91f\" data-element_type=\"widget\" data-e-type=\"widget\" data-widget_type=\"text-editor.default\">\n\t\t\t\t<div class=\"elementor-widget-container\">\n\t\t\t\t\t\t\t\t\t<p>F\u00fcr die Datenaufzeichnung ist ein \u201eDatensammler\u201c das Bindeglied zwischen Maschine und Datenbackend. Er verf\u00fcgt \u00fcber standardisierte Schnittstellen und speichert die Werte in einem Datenarchiv mit optionaler Cloud-Anbindung.\u00a0<\/p><p>\u00a0<\/p><p>Neben Nachverfolgbarkeit, Qualit\u00e4tssicherung und OEE-Kennzahlen sind die erfassten Werte die idealen Eingangsgr\u00f6\u00dfen f\u00fcr Energiemonitoring oder Wartungsmanagement, insbesondere der vorausschauenden Wartung (Predictive Maintenance).\u00a0<\/p>\t\t\t\t\t\t\t\t<\/div>\n\t\t\t\t<\/div>\n\t\t\t\t<\/div>\n\t\t\t\t\t<\/div>\n\t\t\t\t<\/div>\n\t\t<div class=\"elementor-element elementor-element-ec8593b e-flex e-con-boxed e-con e-parent\" data-id=\"ec8593b\" data-element_type=\"container\" data-e-type=\"container\">\n\t\t\t\t\t<div class=\"e-con-inner\">\n\t\t<div class=\"elementor-element elementor-element-97057dc e-con-full e-flex e-con e-child\" data-id=\"97057dc\" data-element_type=\"container\" data-e-type=\"container\">\n\t\t\t\t<div class=\"elementor-element elementor-element-e46a732 elementor-widget elementor-widget-heading\" data-id=\"e46a732\" data-element_type=\"widget\" data-e-type=\"widget\" data-widget_type=\"heading.default\">\n\t\t\t\t<div class=\"elementor-widget-container\">\n\t\t\t\t\t<h2 class=\"elementor-heading-title elementor-size-default\">Kleine Firmen und Mittelstand m\u00fcssen aufholen<\/h2>\t\t\t\t<\/div>\n\t\t\t\t<\/div>\n\t\t\t\t<\/div>\n\t\t<div class=\"elementor-element elementor-element-d04d425 e-con-full e-flex e-con e-child\" data-id=\"d04d425\" data-element_type=\"container\" data-e-type=\"container\">\n\t\t\t\t<div class=\"elementor-element elementor-element-fdebda2 elementor-widget elementor-widget-image\" data-id=\"fdebda2\" data-element_type=\"widget\" data-e-type=\"widget\" data-widget_type=\"image.default\">\n\t\t\t\t<div class=\"elementor-widget-container\">\n\t\t\t\t\t\t\t\t\t\t\t\t\t\t\t\t<a href=\"https:\/\/kenexos.com\/wp-content\/uploads\/2023\/10\/csm_iot-sha-bigger_786b43730e.jpg\" data-elementor-open-lightbox=\"yes\" data-elementor-lightbox-title=\"csm_iot-sha-bigger_786b43730e\" data-e-action-hash=\"#elementor-action%3Aaction%3Dlightbox%26settings%3DeyJpZCI6MjU4NSwidXJsIjoiaHR0cHM6XC9cL2tlbmV4b3MuY29tXC93cC1jb250ZW50XC91cGxvYWRzXC8yMDIzXC8xMFwvY3NtX2lvdC1zaGEtYmlnZ2VyXzc4NmI0MzczMGUud2VicCJ9\">\n\t\t\t\t\t\t\t<img decoding=\"async\" width=\"990\" height=\"528\" src=\"https:\/\/kenexos.com\/wp-content\/uploads\/2023\/10\/csm_iot-sha-bigger_786b43730e.webp\" class=\"attachment-full size-full wp-image-2585\" alt=\"\" srcset=\"https:\/\/kenexos.com\/wp-content\/uploads\/2023\/10\/csm_iot-sha-bigger_786b43730e.webp 990w, https:\/\/kenexos.com\/wp-content\/uploads\/2023\/10\/csm_iot-sha-bigger_786b43730e-300x160.webp 300w, https:\/\/kenexos.com\/wp-content\/uploads\/2023\/10\/csm_iot-sha-bigger_786b43730e-768x410.webp 768w\" sizes=\"(max-width: 990px) 100vw, 990px\" \/>\t\t\t\t\t\t\t\t<\/a>\n\t\t\t\t\t\t\t\t\t\t\t\t\t\t\t<\/div>\n\t\t\t\t<\/div>\n\t\t\t\t<\/div>\n\t\t<div class=\"elementor-element elementor-element-ec69e40 e-con-full e-flex e-con e-child\" data-id=\"ec69e40\" data-element_type=\"container\" data-e-type=\"container\">\n\t\t\t\t<div class=\"elementor-element elementor-element-49b943c elementor-widget elementor-widget-text-editor\" data-id=\"49b943c\" data-element_type=\"widget\" data-e-type=\"widget\" data-widget_type=\"text-editor.default\">\n\t\t\t\t<div class=\"elementor-widget-container\">\n\t\t\t\t\t\t\t\t\t<p>Industrie 4.0 ist derzeit vor allem ein Thema der gro\u00dfen Unternehmen. Sie haben bereits diverse Projekte erfolgreich umgesetzt und innerhalb k\u00fcrzester Zeit Mehrwerte erzielt. In kleinen und mittleren Firmen spielt Industrie 4.0 (noch) nur eine Nebenrolle. Dies muss sich \u00e4ndern, wenn die Unternehmen auch in Zukunft wettbewerbsf\u00e4hig bleiben wollen. Handlungsbedarf besteht vor allem in den Bereichen Produktion, IT sowie Forschung und Entwicklung.\u00a0<\/p><p>Vernetzung und Digitalisierung sind in der Fertigungsindustrie angekommen und k\u00f6nnen der produzierenden Industrie einen riesigen Innovationsschub verschaffen: Produktionsprozesse werden dynamischer und effizienter.\u00a0<\/p>\t\t\t\t\t\t\t\t<\/div>\n\t\t\t\t<\/div>\n\t\t\t\t<\/div>\n\t\t\t\t\t<\/div>\n\t\t\t\t<\/div>\n\t\t<div class=\"elementor-element elementor-element-8bfb4aa e-flex e-con-boxed e-con e-parent\" data-id=\"8bfb4aa\" data-element_type=\"container\" data-e-type=\"container\" data-settings=\"{&quot;background_background&quot;:&quot;classic&quot;}\">\n\t\t\t\t\t<div class=\"e-con-inner\">\n\t\t<div class=\"elementor-element elementor-element-315f748 e-con-full e-flex e-con e-child\" data-id=\"315f748\" data-element_type=\"container\" data-e-type=\"container\">\n\t\t\t\t<div class=\"elementor-element elementor-element-18ceff4 elementor-widget elementor-widget-image\" data-id=\"18ceff4\" data-element_type=\"widget\" data-e-type=\"widget\" data-widget_type=\"image.default\">\n\t\t\t\t<div class=\"elementor-widget-container\">\n\t\t\t\t\t\t\t\t\t\t\t\t\t\t\t<img loading=\"lazy\" decoding=\"async\" width=\"1200\" height=\"1200\" src=\"https:\/\/kenexos.com\/wp-content\/uploads\/2023\/10\/csm_christian-ehrenschwendtner_39e47667a8.webp\" class=\"attachment-full size-full wp-image-2865\" alt=\"\" srcset=\"https:\/\/kenexos.com\/wp-content\/uploads\/2023\/10\/csm_christian-ehrenschwendtner_39e47667a8.webp 1200w, https:\/\/kenexos.com\/wp-content\/uploads\/2023\/10\/csm_christian-ehrenschwendtner_39e47667a8-300x300.webp 300w, https:\/\/kenexos.com\/wp-content\/uploads\/2023\/10\/csm_christian-ehrenschwendtner_39e47667a8-1024x1024.webp 1024w, https:\/\/kenexos.com\/wp-content\/uploads\/2023\/10\/csm_christian-ehrenschwendtner_39e47667a8-150x150.webp 150w, https:\/\/kenexos.com\/wp-content\/uploads\/2023\/10\/csm_christian-ehrenschwendtner_39e47667a8-768x768.webp 768w\" sizes=\"(max-width: 1200px) 100vw, 1200px\" \/>\t\t\t\t\t\t\t\t\t\t\t\t\t\t\t<\/div>\n\t\t\t\t<\/div>\n\t\t\t\t<\/div>\n\t\t<div class=\"elementor-element elementor-element-d4d6cdf e-con-full e-flex e-con e-child\" data-id=\"d4d6cdf\" data-element_type=\"container\" data-e-type=\"container\">\n\t\t<div class=\"elementor-element elementor-element-df0ba22 e-con-full e-flex e-con e-child\" data-id=\"df0ba22\" data-element_type=\"container\" data-e-type=\"container\">\n\t\t\t\t<div class=\"elementor-element elementor-element-dd186b7 elementor-widget elementor-widget-heading\" data-id=\"dd186b7\" data-element_type=\"widget\" data-e-type=\"widget\" data-widget_type=\"heading.default\">\n\t\t\t\t<div class=\"elementor-widget-container\">\n\t\t\t\t\t<h2 class=\"elementor-heading-title elementor-size-default\">KENEXOS<sup>\u00ae<\/sup> gestaltet die Digitalisierung Ihrer Infrastruktur einfach<\/h2>\t\t\t\t<\/div>\n\t\t\t\t<\/div>\n\t\t\t\t<div class=\"elementor-element elementor-element-194f76f elementor-widget elementor-widget-text-editor\" data-id=\"194f76f\" data-element_type=\"widget\" data-e-type=\"widget\" data-widget_type=\"text-editor.default\">\n\t\t\t\t<div class=\"elementor-widget-container\">\n\t\t\t\t\t\t\t\t\t<p>\u201eWir machen die neuen Technologien f\u00fcr unsere Kunden begreifbar und anwendbar und damit die Digitalisierung erst m\u00f6glich.<br \/>So helfen wir mit KENEXOS<sup>\u00ae<\/sup> dabei, effizienter zu werden und neue Gesch\u00e4ftsmodelle zu entwickeln.\u201c\u00a0<\/p><p><em><strong>Christian Ehrenschwendtner<\/strong><br \/>Gr\u00fcnder und Gesch\u00e4ftsf\u00fchrer<br \/>Kreutzpointner Business Software GmbH\u00a0<\/em><\/p>\t\t\t\t\t\t\t\t<\/div>\n\t\t\t\t<\/div>\n\t\t\t\t<\/div>\n\t\t\t\t<\/div>\n\t\t\t\t\t<\/div>\n\t\t\t\t<\/div>\n\t\t<div class=\"elementor-element elementor-element-169ac58 e-flex e-con-boxed e-con e-parent\" data-id=\"169ac58\" data-element_type=\"container\" data-e-type=\"container\" data-settings=\"{&quot;background_background&quot;:&quot;classic&quot;}\">\n\t\t\t\t\t<div class=\"e-con-inner\">\n\t\t<div class=\"elementor-element elementor-element-ac5b220 e-con-full e-flex e-con e-child\" data-id=\"ac5b220\" data-element_type=\"container\" data-e-type=\"container\">\n\t\t\t\t<div class=\"elementor-element elementor-element-25a1bd3 elementor-widget elementor-widget-heading\" data-id=\"25a1bd3\" data-element_type=\"widget\" data-e-type=\"widget\" data-widget_type=\"heading.default\">\n\t\t\t\t<div class=\"elementor-widget-container\">\n\t\t\t\t\t<h5 class=\"elementor-heading-title elementor-size-default\">KOSTENLOS TESTEN<\/h5>\t\t\t\t<\/div>\n\t\t\t\t<\/div>\n\t\t\t\t<div class=\"elementor-element elementor-element-8f8f840 elementor-widget elementor-widget-heading\" data-id=\"8f8f840\" data-element_type=\"widget\" data-e-type=\"widget\" data-widget_type=\"heading.default\">\n\t\t\t\t<div class=\"elementor-widget-container\">\n\t\t\t\t\t<h2 class=\"elementor-heading-title elementor-size-default\">Entscheiden Sie sich noch heute f\u00fcr KENEXOS<sup>\u00ae<\/sup><\/h2>\t\t\t\t<\/div>\n\t\t\t\t<\/div>\n\t\t<div class=\"elementor-element elementor-element-2ba3050 e-con-full e-flex e-con e-child\" data-id=\"2ba3050\" data-element_type=\"container\" data-e-type=\"container\">\n\t\t<div class=\"elementor-element elementor-element-74d441a e-flex e-con-boxed e-con e-child\" data-id=\"74d441a\" data-element_type=\"container\" data-e-type=\"container\">\n\t\t\t\t\t<div class=\"e-con-inner\">\n\t\t\t\t<div class=\"elementor-element elementor-element-9183999 elementor-widget__width-initial elementor-view-default elementor-position-block-start elementor-mobile-position-block-start elementor-widget elementor-widget-icon-box\" data-id=\"9183999\" data-element_type=\"widget\" data-e-type=\"widget\" data-widget_type=\"icon-box.default\">\n\t\t\t\t<div class=\"elementor-widget-container\">\n\t\t\t\t\t\t\t<div class=\"elementor-icon-box-wrapper\">\n\n\t\t\t\t\t\t<div class=\"elementor-icon-box-icon\">\n\t\t\t\t<span  class=\"elementor-icon\">\n\t\t\t\t<i aria-hidden=\"true\" class=\"fas fa-check-circle\"><\/i>\t\t\t\t<\/span>\n\t\t\t<\/div>\n\t\t\t\n\t\t\t\t\t\t<div class=\"elementor-icon-box-content\">\n\n\t\t\t\t\t\t\t\t\t<h3 class=\"elementor-icon-box-title\">\n\t\t\t\t\t\t<span  >\n\t\t\t\t\t\t\tTesten Sie alle Funktionen\t\t\t\t\t\t<\/span>\n\t\t\t\t\t<\/h3>\n\t\t\t\t\n\t\t\t\t\t\t\t\t\t<p class=\"elementor-icon-box-description\">\n\t\t\t\t\t\tohne Einschr\u00e4nkungen 30 Tage kostenlos!\t\t\t\t\t<\/p>\n\t\t\t\t\n\t\t\t<\/div>\n\t\t\t\n\t\t<\/div>\n\t\t\t\t\t\t<\/div>\n\t\t\t\t<\/div>\n\t\t\t\t\t<\/div>\n\t\t\t\t<\/div>\n\t\t<div class=\"elementor-element elementor-element-4571154 e-con-full e-flex e-con e-child\" data-id=\"4571154\" data-element_type=\"container\" data-e-type=\"container\">\n\t\t\t\t<div class=\"elementor-element elementor-element-de72241 elementor-widget__width-initial elementor-view-default elementor-position-block-start elementor-mobile-position-block-start elementor-widget elementor-widget-icon-box\" data-id=\"de72241\" data-element_type=\"widget\" data-e-type=\"widget\" data-widget_type=\"icon-box.default\">\n\t\t\t\t<div class=\"elementor-widget-container\">\n\t\t\t\t\t\t\t<div class=\"elementor-icon-box-wrapper\">\n\n\t\t\t\t\t\t<div class=\"elementor-icon-box-icon\">\n\t\t\t\t<span  class=\"elementor-icon\">\n\t\t\t\t<i aria-hidden=\"true\" class=\"fas fa-check-circle\"><\/i>\t\t\t\t<\/span>\n\t\t\t<\/div>\n\t\t\t\n\t\t\t\t\t\t<div class=\"elementor-icon-box-content\">\n\n\t\t\t\t\t\t\t\t\t<h3 class=\"elementor-icon-box-title\">\n\t\t\t\t\t\t<span  >\n\t\t\t\t\t\t\tApp sofort nutzen\t\t\t\t\t\t<\/span>\n\t\t\t\t\t<\/h3>\n\t\t\t\t\n\t\t\t\t\t\t\t\t\t<p class=\"elementor-icon-box-description\">\n\t\t\t\t\t\tam Computer, Tablet oder Smartphone\t\t\t\t\t<\/p>\n\t\t\t\t\n\t\t\t<\/div>\n\t\t\t\n\t\t<\/div>\n\t\t\t\t\t\t<\/div>\n\t\t\t\t<\/div>\n\t\t\t\t<\/div>\n\t\t<div class=\"elementor-element elementor-element-6f913de e-con-full e-flex e-con e-child\" data-id=\"6f913de\" data-element_type=\"container\" data-e-type=\"container\">\n\t\t\t\t<div class=\"elementor-element elementor-element-fd19e09 elementor-widget__width-initial elementor-view-default elementor-position-block-start elementor-mobile-position-block-start elementor-widget elementor-widget-icon-box\" data-id=\"fd19e09\" data-element_type=\"widget\" data-e-type=\"widget\" data-widget_type=\"icon-box.default\">\n\t\t\t\t<div class=\"elementor-widget-container\">\n\t\t\t\t\t\t\t<div class=\"elementor-icon-box-wrapper\">\n\n\t\t\t\t\t\t<div class=\"elementor-icon-box-icon\">\n\t\t\t\t<span  class=\"elementor-icon\">\n\t\t\t\t<i aria-hidden=\"true\" class=\"fas fa-check-circle\"><\/i>\t\t\t\t<\/span>\n\t\t\t<\/div>\n\t\t\t\n\t\t\t\t\t\t<div class=\"elementor-icon-box-content\">\n\n\t\t\t\t\t\t\t\t\t<h3 class=\"elementor-icon-box-title\">\n\t\t\t\t\t\t<span  >\n\t\t\t\t\t\t\tV\u00f6llig risikofrei\t\t\t\t\t\t<\/span>\n\t\t\t\t\t<\/h3>\n\t\t\t\t\n\t\t\t\t\t\t\t\t\t<p class=\"elementor-icon-box-description\">\n\t\t\t\t\t\tIhr Zugang endet automatisch!\t\t\t\t\t<\/p>\n\t\t\t\t\n\t\t\t<\/div>\n\t\t\t\n\t\t<\/div>\n\t\t\t\t\t\t<\/div>\n\t\t\t\t<\/div>\n\t\t\t\t<\/div>\n\t\t\t\t<\/div>\n\t\t\t\t<\/div>\n\t\t<div class=\"elementor-element elementor-element-a7a18a6 e-con-full e-flex e-con e-child\" data-id=\"a7a18a6\" data-element_type=\"container\" data-e-type=\"container\">\n\t\t\t\t<div class=\"elementor-element elementor-element-05bd68b elementor-widget elementor-widget-button\" data-id=\"05bd68b\" data-element_type=\"widget\" data-e-type=\"widget\" data-widget_type=\"button.default\">\n\t\t\t\t<div class=\"elementor-widget-container\">\n\t\t\t\t\t\t\t\t\t<div class=\"elementor-button-wrapper\">\n\t\t\t\t\t<a class=\"elementor-button elementor-button-link elementor-size-sm elementor-animation-shrink\" href=\"https:\/\/kenexos.com\/de\/kontakt\/kontakt\/kostenlos-testen\/\">\n\t\t\t\t\t\t<span class=\"elementor-button-content-wrapper\">\n\t\t\t\t\t\t<span class=\"elementor-button-icon\">\n\t\t\t\t<i aria-hidden=\"true\" class=\"fas fa-arrow-right\"><\/i>\t\t\t<\/span>\n\t\t\t\t\t\t\t\t\t<span class=\"elementor-button-text\">Kostenlos testen<\/span>\n\t\t\t\t\t<\/span>\n\t\t\t\t\t<\/a>\n\t\t\t\t<\/div>\n\t\t\t\t\t\t\t\t<\/div>\n\t\t\t\t<\/div>\n\t\t\t\t<div class=\"elementor-element elementor-element-0565594 elementor-widget elementor-widget-button\" data-id=\"0565594\" data-element_type=\"widget\" data-e-type=\"widget\" data-widget_type=\"button.default\">\n\t\t\t\t<div class=\"elementor-widget-container\">\n\t\t\t\t\t\t\t\t\t<div class=\"elementor-button-wrapper\">\n\t\t\t\t\t<a class=\"elementor-button elementor-button-link elementor-size-sm elementor-animation-shrink\" href=\"https:\/\/kenexos.com\/de\/kontakt\/kontakt\/demo-vereinbaren\/\">\n\t\t\t\t\t\t<span class=\"elementor-button-content-wrapper\">\n\t\t\t\t\t\t<span class=\"elementor-button-icon\">\n\t\t\t\t<i aria-hidden=\"true\" class=\"fas fa-arrow-right\"><\/i>\t\t\t<\/span>\n\t\t\t\t\t\t\t\t\t<span class=\"elementor-button-text\">Beratung vereinbaren<\/span>\n\t\t\t\t\t<\/span>\n\t\t\t\t\t<\/a>\n\t\t\t\t<\/div>\n\t\t\t\t\t\t\t\t<\/div>\n\t\t\t\t<\/div>\n\t\t\t\t<\/div>\n\t\t\t\t\t<\/div>\n\t\t\t\t<\/div>\n\t\t\t\t<\/div>\n\t\t","protected":false},"excerpt":{"rendered":"<p>KENEXOS\u00ae IoT Nahtlose IoT-Integration f\u00fcr intelligente, nachhaltige und effiziente Geb\u00e4ude und AnlagenMit KENEXOS\u00ae verbinden Sie Ihre IoT-Ger\u00e4te m\u00fchelos und schaffen so eine effiziente, datengetriebene Infrastruktur. Home | Plattform | Technologie | KENEXOS\u00ae IoT KENEXOS\u00ae IoT \/ Maschinendatenerfassung Hauptnutzen:\u00a0Wettbewerbsvorteil und sinkende Kosten\u00a0 Industrie 4.0 =\u00a0Vernetzung von Maschinen und IT\u00a0 Informationen, die an einer Maschine oder einer [&hellip;]<\/p>\n","protected":false},"author":1,"featured_media":0,"parent":4872,"menu_order":2,"comment_status":"closed","ping_status":"closed","template":"","meta":{"_angie_page":false,"inline_featured_image":false,"footnotes":""},"folder":[86],"class_list":["post-2579","page","type-page","status-publish","hentry"],"_links":{"self":[{"href":"https:\/\/kenexos.com\/de\/wp-json\/wp\/v2\/pages\/2579","targetHints":{"allow":["GET"]}}],"collection":[{"href":"https:\/\/kenexos.com\/de\/wp-json\/wp\/v2\/pages"}],"about":[{"href":"https:\/\/kenexos.com\/de\/wp-json\/wp\/v2\/types\/page"}],"author":[{"embeddable":true,"href":"https:\/\/kenexos.com\/de\/wp-json\/wp\/v2\/users\/1"}],"replies":[{"embeddable":true,"href":"https:\/\/kenexos.com\/de\/wp-json\/wp\/v2\/comments?post=2579"}],"version-history":[{"count":4,"href":"https:\/\/kenexos.com\/de\/wp-json\/wp\/v2\/pages\/2579\/revisions"}],"predecessor-version":[{"id":17396,"href":"https:\/\/kenexos.com\/de\/wp-json\/wp\/v2\/pages\/2579\/revisions\/17396"}],"up":[{"embeddable":true,"href":"https:\/\/kenexos.com\/de\/wp-json\/wp\/v2\/pages\/4872"}],"wp:attachment":[{"href":"https:\/\/kenexos.com\/de\/wp-json\/wp\/v2\/media?parent=2579"}],"wp:term":[{"taxonomy":"folder","embeddable":true,"href":"https:\/\/kenexos.com\/de\/wp-json\/wp\/v2\/folder?post=2579"}],"curies":[{"name":"wp","href":"https:\/\/api.w.org\/{rel}","templated":true}]}}