{"id":1802,"date":"2023-10-26T12:45:09","date_gmt":"2023-10-26T12:45:09","guid":{"rendered":"https:\/\/kenexos.com\/?page_id=1802"},"modified":"2026-04-22T02:23:41","modified_gmt":"2026-04-22T02:23:41","slug":"kenexos-platform-extensions","status":"publish","type":"page","link":"https:\/\/kenexos.com\/de\/plattform\/technologie\/kenexos-platform-extensions\/","title":{"rendered":"KENEXOS Platform Extensions"},"content":{"rendered":"\t\t<div data-elementor-type=\"wp-page\" data-elementor-id=\"1802\" class=\"elementor elementor-1802\" data-elementor-post-type=\"page\">\n\t\t\t\t<div class=\"elementor-element elementor-element-3a38c0a e-flex e-con-boxed e-con e-parent\" data-id=\"3a38c0a\" data-element_type=\"container\" data-e-type=\"container\" data-settings=\"{&quot;background_background&quot;:&quot;classic&quot;}\">\n\t\t\t\t\t<div class=\"e-con-inner\">\n\t\t<div class=\"elementor-element elementor-element-2799ee1 e-con-full e-flex e-con e-child\" data-id=\"2799ee1\" data-element_type=\"container\" data-e-type=\"container\">\n\t\t\t\t<div class=\"elementor-element elementor-element-8776448 elementor-widget__width-initial elementor-widget elementor-widget-heading\" data-id=\"8776448\" data-element_type=\"widget\" data-e-type=\"widget\" data-widget_type=\"heading.default\">\n\t\t\t\t<div class=\"elementor-widget-container\">\n\t\t\t\t\t<h2 class=\"elementor-heading-title elementor-size-default\">KENEXOS<sup>\u00ae<\/sup> Platform Extensions<\/h2>\t\t\t\t<\/div>\n\t\t\t\t<\/div>\n\t\t\t\t<div class=\"elementor-element elementor-element-c23d7e2 elementor-widget__width-initial elementor-widget-laptop__width-initial elementor-widget-tablet_extra__width-initial elementor-widget-tablet__width-initial elementor-widget-mobile_extra__width-initial elementor-widget elementor-widget-text-editor\" data-id=\"c23d7e2\" data-element_type=\"widget\" data-e-type=\"widget\" data-widget_type=\"text-editor.default\">\n\t\t\t\t<div class=\"elementor-widget-container\">\n\t\t\t\t\t\t\t\t\t<p><strong>Erweitern Sie Ihre M\u00f6glichkeiten \u2013 mit KENEXOS<sup>\u00ae<\/sup> Platform Extensions\u00a0\u00a0<br \/><\/strong>Mit den KENEXOS<sup>\u00ae<\/sup> Platform Extensions passen Sie Ihre Plattform flexibel an Ihre individuellen Anforderungen an.<\/p>\t\t\t\t\t\t\t\t<\/div>\n\t\t\t\t<\/div>\n\t\t\t\t<\/div>\n\t\t<div class=\"elementor-element elementor-element-7b67d27 e-con-full e-flex e-con e-child\" data-id=\"7b67d27\" data-element_type=\"container\" data-e-type=\"container\">\n\t\t\t\t<div class=\"elementor-element elementor-element-a3555a3 elementor-widget elementor-widget-image\" data-id=\"a3555a3\" data-element_type=\"widget\" data-e-type=\"widget\" data-widget_type=\"image.default\">\n\t\t\t\t<div class=\"elementor-widget-container\">\n\t\t\t\t\t\t\t\t\t\t\t\t\t\t\t<img fetchpriority=\"high\" decoding=\"async\" width=\"400\" height=\"400\" src=\"https:\/\/kenexos.com\/wp-content\/uploads\/2025\/05\/KENEXOS_FIN.webp\" class=\"attachment-large size-large wp-image-11424\" alt=\"\" srcset=\"https:\/\/kenexos.com\/wp-content\/uploads\/2025\/05\/KENEXOS_FIN.webp 400w, https:\/\/kenexos.com\/wp-content\/uploads\/2025\/05\/KENEXOS_FIN-300x300.webp 300w, https:\/\/kenexos.com\/wp-content\/uploads\/2025\/05\/KENEXOS_FIN-150x150.webp 150w\" sizes=\"(max-width: 400px) 100vw, 400px\" \/>\t\t\t\t\t\t\t\t\t\t\t\t\t\t\t<\/div>\n\t\t\t\t<\/div>\n\t\t\t\t<\/div>\n\t\t\t\t\t<\/div>\n\t\t\t\t<\/div>\n\t\t<div class=\"elementor-element elementor-element-25474ae e-flex e-con-boxed e-con e-parent\" data-id=\"25474ae\" data-element_type=\"container\" data-e-type=\"container\">\n\t\t\t\t\t<div class=\"e-con-inner\">\n\t\t<div class=\"elementor-element elementor-element-3afcb6f e-flex e-con-boxed e-con e-child\" data-id=\"3afcb6f\" data-element_type=\"container\" data-e-type=\"container\">\n\t\t\t\t\t<div class=\"e-con-inner\">\n\t\t\t\t<div class=\"elementor-element elementor-element-1c30200 elementor-widget elementor-widget-text-editor\" data-id=\"1c30200\" data-element_type=\"widget\" data-e-type=\"widget\" data-widget_type=\"text-editor.default\">\n\t\t\t\t<div class=\"elementor-widget-container\">\n\t\t\t\t\t\t\t\t\t<p><a href=\"\/\">Home<\/a> | <a href=\"https:\/\/kenexos.com\/de\/plattform\/\">Plattform<\/a> | <a href=\"https:\/\/kenexos.com\/de\/plattform\/technologie\/\">Technologie<\/a> | KENEXOS<sup>\u00ae <\/sup>Platform Extensions<\/p>\t\t\t\t\t\t\t\t<\/div>\n\t\t\t\t<\/div>\n\t\t\t\t\t<\/div>\n\t\t\t\t<\/div>\n\t\t\t\t\t<\/div>\n\t\t\t\t<\/div>\n\t\t<div class=\"elementor-element elementor-element-e806173 e-flex e-con-boxed e-con e-parent\" data-id=\"e806173\" data-element_type=\"container\" data-e-type=\"container\">\n\t\t\t\t\t<div class=\"e-con-inner\">\n\t\t\t\t<div class=\"elementor-element elementor-element-4fb4e5a elementor-widget elementor-widget-heading\" data-id=\"4fb4e5a\" data-element_type=\"widget\" data-e-type=\"widget\" data-widget_type=\"heading.default\">\n\t\t\t\t<div class=\"elementor-widget-container\">\n\t\t\t\t\t<h2 class=\"elementor-heading-title elementor-size-default\">KENEXOS<sup>\u00ae<\/sup> Platform Extensions <\/h2>\t\t\t\t<\/div>\n\t\t\t\t<\/div>\n\t\t\t\t<div class=\"elementor-element elementor-element-c0602f3 elementor-widget elementor-widget-text-editor\" data-id=\"c0602f3\" data-element_type=\"widget\" data-e-type=\"widget\" data-widget_type=\"text-editor.default\">\n\t\t\t\t<div class=\"elementor-widget-container\">\n\t\t\t\t\t\t\t\t\t<p>Unterst\u00fctzen Sie Mitarbeiter durch individuelle Prozesse, verbinden Sie Silos und f\u00f6rdern Sie Innovationen. Erm\u00f6glichen Sie digitale Transformation mit einer einheitlichen, integrierbaren Plattform f\u00fcr Ihren Unternehmenserfolg.\u00a0<\/p>\t\t\t\t\t\t\t\t<\/div>\n\t\t\t\t<\/div>\n\t\t\t\t\t<\/div>\n\t\t\t\t<\/div>\n\t\t<div class=\"elementor-element elementor-element-4008cb9 e-flex e-con-boxed e-con e-parent\" data-id=\"4008cb9\" data-element_type=\"container\" data-e-type=\"container\">\n\t\t\t\t\t<div class=\"e-con-inner\">\n\t\t<div class=\"elementor-element elementor-element-52b82ad e-con-full e-flex e-con e-child\" data-id=\"52b82ad\" data-element_type=\"container\" data-e-type=\"container\">\n\t\t\t\t<div class=\"elementor-element elementor-element-b32cb94 elementor-widget elementor-widget-image\" data-id=\"b32cb94\" data-element_type=\"widget\" data-e-type=\"widget\" data-widget_type=\"image.default\">\n\t\t\t\t<div class=\"elementor-widget-container\">\n\t\t\t\t\t\t\t\t\t\t\t\t\t\t\t\t<a href=\"https:\/\/kenexos.com\/wp-content\/uploads\/2023\/10\/csm_kenexos-mobile-01_d4d6842e5a.jpg\" data-elementor-open-lightbox=\"yes\" data-elementor-lightbox-title=\"csm_kenexos-mobile-01_d4d6842e5a\" data-e-action-hash=\"#elementor-action%3Aaction%3Dlightbox%26settings%3DeyJpZCI6MTgwNSwidXJsIjoiaHR0cHM6XC9cL2tlbmV4b3MuY29tXC93cC1jb250ZW50XC91cGxvYWRzXC8yMDIzXC8xMFwvY3NtX2tlbmV4b3MtbW9iaWxlLTAxX2Q0ZDY4NDJlNWEud2VicCJ9\">\n\t\t\t\t\t\t\t<img decoding=\"async\" width=\"800\" height=\"534\" src=\"https:\/\/kenexos.com\/wp-content\/uploads\/2023\/10\/csm_kenexos-mobile-01_d4d6842e5a.webp\" class=\"attachment-large size-large wp-image-1805\" alt=\"\" srcset=\"https:\/\/kenexos.com\/wp-content\/uploads\/2023\/10\/csm_kenexos-mobile-01_d4d6842e5a.webp 990w, https:\/\/kenexos.com\/wp-content\/uploads\/2023\/10\/csm_kenexos-mobile-01_d4d6842e5a-300x200.webp 300w, https:\/\/kenexos.com\/wp-content\/uploads\/2023\/10\/csm_kenexos-mobile-01_d4d6842e5a-768x513.webp 768w\" sizes=\"(max-width: 800px) 100vw, 800px\" \/>\t\t\t\t\t\t\t\t<\/a>\n\t\t\t\t\t\t\t\t\t\t\t\t\t\t\t<\/div>\n\t\t\t\t<\/div>\n\t\t\t\t<\/div>\n\t\t<div class=\"elementor-element elementor-element-c73e981 e-con-full e-flex e-con e-child\" data-id=\"c73e981\" data-element_type=\"container\" data-e-type=\"container\">\n\t\t\t\t<div class=\"elementor-element elementor-element-e6fc859 elementor-widget elementor-widget-heading\" data-id=\"e6fc859\" data-element_type=\"widget\" data-e-type=\"widget\" data-widget_type=\"heading.default\">\n\t\t\t\t<div class=\"elementor-widget-container\">\n\t\t\t\t\t<h2 class=\"elementor-heading-title elementor-size-default\">No-Code<\/h2>\t\t\t\t<\/div>\n\t\t\t\t<\/div>\n\t\t\t\t<div class=\"elementor-element elementor-element-3010a07 elementor-widget elementor-widget-text-editor\" data-id=\"3010a07\" data-element_type=\"widget\" data-e-type=\"widget\" data-widget_type=\"text-editor.default\">\n\t\t\t\t<div class=\"elementor-widget-container\">\n\t\t\t\t\t\t\t\t\t<p>Mit dem\u00a0<a href=\"https:\/\/kenexos.com\/de\/branchen\/bau-und-gebaeudemanagement\/loesungen\/module\/kenexos-smartforms.html\">SmartForms<\/a>-Baukasten erstellen Sie individuelle Checklisten und Formulare ohne Programmierkenntnisse.<\/p><p>Per Drag-and-Drop k\u00f6nnen Felder auf eine Vorlage gezogen werden, dabei stehen Eingaben f\u00fcr Text oder Zahlen, Mehrfachauswahl, Pflichtangaben, Fotos, eine digitale Unterschrift und vieles mehr zur Auswahl.\u00a0<\/p>\t\t\t\t\t\t\t\t<\/div>\n\t\t\t\t<\/div>\n\t\t\t\t<\/div>\n\t\t\t\t\t<\/div>\n\t\t\t\t<\/div>\n\t\t<div class=\"elementor-element elementor-element-251c728 e-flex e-con-boxed e-con e-parent\" data-id=\"251c728\" data-element_type=\"container\" data-e-type=\"container\">\n\t\t\t\t\t<div class=\"e-con-inner\">\n\t\t<div class=\"elementor-element elementor-element-923e0c2 e-flex e-con-boxed e-con e-child\" data-id=\"923e0c2\" data-element_type=\"container\" data-e-type=\"container\">\n\t\t\t\t\t<div class=\"e-con-inner\">\n\t\t<div class=\"elementor-element elementor-element-7ac3d0b e-con-full e-flex e-con e-child\" data-id=\"7ac3d0b\" data-element_type=\"container\" data-e-type=\"container\">\n\t\t\t\t<div class=\"elementor-element elementor-element-bcdd70a elementor-widget elementor-widget-text-editor\" data-id=\"bcdd70a\" data-element_type=\"widget\" data-e-type=\"widget\" data-widget_type=\"text-editor.default\">\n\t\t\t\t<div class=\"elementor-widget-container\">\n\t\t\t\t\t\t\t\t\t<p>Detaillierte Datenhistorie und Ereignisdokumentation<\/p>\t\t\t\t\t\t\t\t<\/div>\n\t\t\t\t<\/div>\n\t\t\t\t<div class=\"elementor-element elementor-element-c237280 elementor-widget elementor-widget-heading\" data-id=\"c237280\" data-element_type=\"widget\" data-e-type=\"widget\" data-widget_type=\"heading.default\">\n\t\t\t\t<div class=\"elementor-widget-container\">\n\t\t\t\t\t<h2 class=\"elementor-heading-title elementor-size-default\">Low-Code und Pro-Code<\/h2>\t\t\t\t<\/div>\n\t\t\t\t<\/div>\n\t\t\t\t<div class=\"elementor-element elementor-element-0a2f08e elementor-widget elementor-widget-text-editor\" data-id=\"0a2f08e\" data-element_type=\"widget\" data-e-type=\"widget\" data-widget_type=\"text-editor.default\">\n\t\t\t\t<div class=\"elementor-widget-container\">\n\t\t\t\t\t\t\t\t\t<p>Mit der zugrunde liegenden <a href=\"https:\/\/cephoria.com\" target=\"_blank\" rel=\"noopener\">CEPHORIA<sup>\u00ae<\/sup><\/a> Plattform bietet KENEXOS<sup>\u00ae<\/sup> das Beste aus beiden Ans\u00e4tzen, indem es sowohl eine Low-Code-Plattform, als auch mittels Pro-Code-Funktionalit\u00e4ten den Zugang f\u00fcr Experten zum Quellcode der Web-Anwendungen und mobilen Apps bereitstellt, um volle Flexibilit\u00e4t bei der Programmierung zu gew\u00e4hrleisten. Ein automatisiertes App-Ger\u00fcst mit Best-Practice-Ans\u00e4tzen und Code-Generatoren sind schneller als die Programmierung von Grund auf.\u00a0<\/p><p>Im Bereich der Unternehmenssoftware m\u00fcssen Plattformen pr\u00fcfbaren, quelloffenen Code generieren und eine Nachweiskette f\u00fcr die Datenspeicherung gew\u00e4hrleisten. Dies schr\u00e4nkt die Datenspeicherung auf bestimmte geografische Regionen ein und kann auch dazu beitragen, dass die Anwendungen auf der Plattform gesetzliche Vorschriften einhalten.\u00a0<\/p><p>Wenn Sie Bedarf an individuellen Modulen und kundenspezifischer Entwicklung haben, bieten wir Ihnen App-Development durch unsere erfahrenen Projektmanager und Entwickler an. Setzen Sie sich noch heute mit uns in Verbindung, um ein Angebot und einen Zeitplan f\u00fcr Ihre individuelle App zu besprechen.\u00a0<\/p>\t\t\t\t\t\t\t\t<\/div>\n\t\t\t\t<\/div>\n\t\t\t\t<\/div>\n\t\t<div class=\"elementor-element elementor-element-c69c1a1 e-con-full e-flex e-con e-child\" data-id=\"c69c1a1\" data-element_type=\"container\" data-e-type=\"container\">\n\t\t\t\t<div class=\"elementor-element elementor-element-7d2b94b elementor-widget elementor-widget-image\" data-id=\"7d2b94b\" data-element_type=\"widget\" data-e-type=\"widget\" data-widget_type=\"image.default\">\n\t\t\t\t<div class=\"elementor-widget-container\">\n\t\t\t\t\t\t\t\t\t\t\t\t\t\t\t\t<a href=\"https:\/\/kenexos.com\/wp-content\/uploads\/2023\/10\/csm_kenexos-mobile-03_f0837470b4.jpg\" data-elementor-open-lightbox=\"yes\" data-elementor-lightbox-title=\"csm_kenexos-mobile-03_f0837470b4\" data-e-action-hash=\"#elementor-action%3Aaction%3Dlightbox%26settings%3DeyJpZCI6MTgwNiwidXJsIjoiaHR0cHM6XC9cL2tlbmV4b3MuY29tXC93cC1jb250ZW50XC91cGxvYWRzXC8yMDIzXC8xMFwvY3NtX2tlbmV4b3MtbW9iaWxlLTAzX2YwODM3NDcwYjQud2VicCJ9\">\n\t\t\t\t\t\t\t<img decoding=\"async\" width=\"800\" height=\"534\" src=\"https:\/\/kenexos.com\/wp-content\/uploads\/2023\/10\/csm_kenexos-mobile-03_f0837470b4.webp\" class=\"attachment-large size-large wp-image-1806\" alt=\"\" srcset=\"https:\/\/kenexos.com\/wp-content\/uploads\/2023\/10\/csm_kenexos-mobile-03_f0837470b4.webp 990w, https:\/\/kenexos.com\/wp-content\/uploads\/2023\/10\/csm_kenexos-mobile-03_f0837470b4-300x200.webp 300w, https:\/\/kenexos.com\/wp-content\/uploads\/2023\/10\/csm_kenexos-mobile-03_f0837470b4-768x513.webp 768w\" sizes=\"(max-width: 800px) 100vw, 800px\" \/>\t\t\t\t\t\t\t\t<\/a>\n\t\t\t\t\t\t\t\t\t\t\t\t\t\t\t<\/div>\n\t\t\t\t<\/div>\n\t\t\t\t<\/div>\n\t\t\t\t\t<\/div>\n\t\t\t\t<\/div>\n\t\t\t\t\t<\/div>\n\t\t\t\t<\/div>\n\t\t<div class=\"elementor-element elementor-element-4362e7f e-flex e-con-boxed e-con e-parent\" data-id=\"4362e7f\" data-element_type=\"container\" data-e-type=\"container\" data-settings=\"{&quot;background_background&quot;:&quot;classic&quot;}\">\n\t\t\t\t\t<div class=\"e-con-inner\">\n\t\t<div class=\"elementor-element elementor-element-fee864e e-con-full e-flex e-con e-child\" data-id=\"fee864e\" data-element_type=\"container\" data-e-type=\"container\">\n\t\t\t\t<div class=\"elementor-element elementor-element-5f655dc elementor-widget elementor-widget-heading\" data-id=\"5f655dc\" data-element_type=\"widget\" data-e-type=\"widget\" data-widget_type=\"heading.default\">\n\t\t\t\t<div class=\"elementor-widget-container\">\n\t\t\t\t\t<h5 class=\"elementor-heading-title elementor-size-default\">KOSTENLOS TESTEN<\/h5>\t\t\t\t<\/div>\n\t\t\t\t<\/div>\n\t\t\t\t<div class=\"elementor-element elementor-element-41a48bc elementor-widget elementor-widget-heading\" data-id=\"41a48bc\" data-element_type=\"widget\" data-e-type=\"widget\" data-widget_type=\"heading.default\">\n\t\t\t\t<div class=\"elementor-widget-container\">\n\t\t\t\t\t<h2 class=\"elementor-heading-title elementor-size-default\">Entscheiden Sie sich noch heute f\u00fcr KENEXOS<sup>\u00ae<\/sup><\/h2>\t\t\t\t<\/div>\n\t\t\t\t<\/div>\n\t\t<div class=\"elementor-element elementor-element-b502775 e-con-full e-flex e-con e-child\" data-id=\"b502775\" data-element_type=\"container\" data-e-type=\"container\">\n\t\t<div class=\"elementor-element elementor-element-c49e7e6 e-flex e-con-boxed e-con e-child\" data-id=\"c49e7e6\" data-element_type=\"container\" data-e-type=\"container\">\n\t\t\t\t\t<div class=\"e-con-inner\">\n\t\t\t\t<div class=\"elementor-element elementor-element-3f515a9 elementor-widget__width-initial elementor-view-default elementor-position-block-start elementor-mobile-position-block-start elementor-widget elementor-widget-icon-box\" data-id=\"3f515a9\" data-element_type=\"widget\" data-e-type=\"widget\" data-widget_type=\"icon-box.default\">\n\t\t\t\t<div class=\"elementor-widget-container\">\n\t\t\t\t\t\t\t<div class=\"elementor-icon-box-wrapper\">\n\n\t\t\t\t\t\t<div class=\"elementor-icon-box-icon\">\n\t\t\t\t<span  class=\"elementor-icon\">\n\t\t\t\t<i aria-hidden=\"true\" class=\"fas fa-check-circle\"><\/i>\t\t\t\t<\/span>\n\t\t\t<\/div>\n\t\t\t\n\t\t\t\t\t\t<div class=\"elementor-icon-box-content\">\n\n\t\t\t\t\t\t\t\t\t<h3 class=\"elementor-icon-box-title\">\n\t\t\t\t\t\t<span  >\n\t\t\t\t\t\t\tTesten Sie alle Funktionen\t\t\t\t\t\t<\/span>\n\t\t\t\t\t<\/h3>\n\t\t\t\t\n\t\t\t\t\t\t\t\t\t<p class=\"elementor-icon-box-description\">\n\t\t\t\t\t\tohne Einschr\u00e4nkungen 30 Tage kostenlos!\t\t\t\t\t<\/p>\n\t\t\t\t\n\t\t\t<\/div>\n\t\t\t\n\t\t<\/div>\n\t\t\t\t\t\t<\/div>\n\t\t\t\t<\/div>\n\t\t\t\t\t<\/div>\n\t\t\t\t<\/div>\n\t\t<div class=\"elementor-element elementor-element-84daa4f e-con-full e-flex e-con e-child\" data-id=\"84daa4f\" data-element_type=\"container\" data-e-type=\"container\">\n\t\t\t\t<div class=\"elementor-element elementor-element-827f407 elementor-widget__width-initial elementor-view-default elementor-position-block-start elementor-mobile-position-block-start elementor-widget elementor-widget-icon-box\" data-id=\"827f407\" data-element_type=\"widget\" data-e-type=\"widget\" data-widget_type=\"icon-box.default\">\n\t\t\t\t<div class=\"elementor-widget-container\">\n\t\t\t\t\t\t\t<div class=\"elementor-icon-box-wrapper\">\n\n\t\t\t\t\t\t<div class=\"elementor-icon-box-icon\">\n\t\t\t\t<span  class=\"elementor-icon\">\n\t\t\t\t<i aria-hidden=\"true\" class=\"fas fa-check-circle\"><\/i>\t\t\t\t<\/span>\n\t\t\t<\/div>\n\t\t\t\n\t\t\t\t\t\t<div class=\"elementor-icon-box-content\">\n\n\t\t\t\t\t\t\t\t\t<h3 class=\"elementor-icon-box-title\">\n\t\t\t\t\t\t<span  >\n\t\t\t\t\t\t\tApp sofort nutzen\t\t\t\t\t\t<\/span>\n\t\t\t\t\t<\/h3>\n\t\t\t\t\n\t\t\t\t\t\t\t\t\t<p class=\"elementor-icon-box-description\">\n\t\t\t\t\t\tam Computer, Tablet oder Smartphone\t\t\t\t\t<\/p>\n\t\t\t\t\n\t\t\t<\/div>\n\t\t\t\n\t\t<\/div>\n\t\t\t\t\t\t<\/div>\n\t\t\t\t<\/div>\n\t\t\t\t<\/div>\n\t\t<div class=\"elementor-element elementor-element-040dee0 e-con-full e-flex e-con e-child\" data-id=\"040dee0\" data-element_type=\"container\" data-e-type=\"container\">\n\t\t\t\t<div class=\"elementor-element elementor-element-1fe0293 elementor-widget__width-initial elementor-view-default elementor-position-block-start elementor-mobile-position-block-start elementor-widget elementor-widget-icon-box\" data-id=\"1fe0293\" data-element_type=\"widget\" data-e-type=\"widget\" data-widget_type=\"icon-box.default\">\n\t\t\t\t<div class=\"elementor-widget-container\">\n\t\t\t\t\t\t\t<div class=\"elementor-icon-box-wrapper\">\n\n\t\t\t\t\t\t<div class=\"elementor-icon-box-icon\">\n\t\t\t\t<span  class=\"elementor-icon\">\n\t\t\t\t<i aria-hidden=\"true\" class=\"fas fa-check-circle\"><\/i>\t\t\t\t<\/span>\n\t\t\t<\/div>\n\t\t\t\n\t\t\t\t\t\t<div class=\"elementor-icon-box-content\">\n\n\t\t\t\t\t\t\t\t\t<h3 class=\"elementor-icon-box-title\">\n\t\t\t\t\t\t<span  >\n\t\t\t\t\t\t\tV\u00f6llig risikofrei\t\t\t\t\t\t<\/span>\n\t\t\t\t\t<\/h3>\n\t\t\t\t\n\t\t\t\t\t\t\t\t\t<p class=\"elementor-icon-box-description\">\n\t\t\t\t\t\tIhr Zugang endet automatisch!\t\t\t\t\t<\/p>\n\t\t\t\t\n\t\t\t<\/div>\n\t\t\t\n\t\t<\/div>\n\t\t\t\t\t\t<\/div>\n\t\t\t\t<\/div>\n\t\t\t\t<\/div>\n\t\t\t\t<\/div>\n\t\t\t\t<\/div>\n\t\t<div class=\"elementor-element elementor-element-c5fe73b e-con-full e-flex e-con e-child\" data-id=\"c5fe73b\" data-element_type=\"container\" data-e-type=\"container\">\n\t\t\t\t<div class=\"elementor-element elementor-element-96ebe89 elementor-widget elementor-widget-button\" data-id=\"96ebe89\" data-element_type=\"widget\" data-e-type=\"widget\" data-widget_type=\"button.default\">\n\t\t\t\t<div class=\"elementor-widget-container\">\n\t\t\t\t\t\t\t\t\t<div class=\"elementor-button-wrapper\">\n\t\t\t\t\t<a class=\"elementor-button elementor-button-link elementor-size-sm elementor-animation-shrink\" href=\"https:\/\/kenexos.com\/de\/kontakt\/kontakt\/kostenlos-testen\/\">\n\t\t\t\t\t\t<span class=\"elementor-button-content-wrapper\">\n\t\t\t\t\t\t<span class=\"elementor-button-icon\">\n\t\t\t\t<i aria-hidden=\"true\" class=\"fas fa-arrow-right\"><\/i>\t\t\t<\/span>\n\t\t\t\t\t\t\t\t\t<span class=\"elementor-button-text\">Kostenlos testen<\/span>\n\t\t\t\t\t<\/span>\n\t\t\t\t\t<\/a>\n\t\t\t\t<\/div>\n\t\t\t\t\t\t\t\t<\/div>\n\t\t\t\t<\/div>\n\t\t\t\t<div class=\"elementor-element elementor-element-e3d38b6 elementor-widget elementor-widget-button\" data-id=\"e3d38b6\" data-element_type=\"widget\" data-e-type=\"widget\" data-widget_type=\"button.default\">\n\t\t\t\t<div class=\"elementor-widget-container\">\n\t\t\t\t\t\t\t\t\t<div class=\"elementor-button-wrapper\">\n\t\t\t\t\t<a class=\"elementor-button elementor-button-link elementor-size-sm elementor-animation-shrink\" href=\"https:\/\/kenexos.com\/de\/kontakt\/kontakt\/demo-vereinbaren\/\">\n\t\t\t\t\t\t<span class=\"elementor-button-content-wrapper\">\n\t\t\t\t\t\t<span class=\"elementor-button-icon\">\n\t\t\t\t<i aria-hidden=\"true\" class=\"fas fa-arrow-right\"><\/i>\t\t\t<\/span>\n\t\t\t\t\t\t\t\t\t<span class=\"elementor-button-text\">Beratung vereinbaren<\/span>\n\t\t\t\t\t<\/span>\n\t\t\t\t\t<\/a>\n\t\t\t\t<\/div>\n\t\t\t\t\t\t\t\t<\/div>\n\t\t\t\t<\/div>\n\t\t\t\t<\/div>\n\t\t\t\t\t<\/div>\n\t\t\t\t<\/div>\n\t\t\t\t<\/div>\n\t\t","protected":false},"excerpt":{"rendered":"<p>KENEXOS\u00ae Platform Extensions Erweitern Sie Ihre M\u00f6glichkeiten \u2013 mit KENEXOS\u00ae Platform Extensions\u00a0\u00a0Mit den KENEXOS\u00ae Platform Extensions passen Sie Ihre Plattform flexibel an Ihre individuellen Anforderungen an. Home | Plattform | Technologie | KENEXOS\u00ae Platform Extensions KENEXOS\u00ae Platform Extensions Unterst\u00fctzen Sie Mitarbeiter durch individuelle Prozesse, verbinden Sie Silos und f\u00f6rdern Sie Innovationen. Erm\u00f6glichen Sie digitale Transformation [&hellip;]<\/p>\n","protected":false},"author":1,"featured_media":0,"parent":4872,"menu_order":7,"comment_status":"closed","ping_status":"closed","template":"","meta":{"_angie_page":false,"inline_featured_image":false,"footnotes":""},"folder":[86],"class_list":["post-1802","page","type-page","status-publish","hentry"],"_links":{"self":[{"href":"https:\/\/kenexos.com\/de\/wp-json\/wp\/v2\/pages\/1802","targetHints":{"allow":["GET"]}}],"collection":[{"href":"https:\/\/kenexos.com\/de\/wp-json\/wp\/v2\/pages"}],"about":[{"href":"https:\/\/kenexos.com\/de\/wp-json\/wp\/v2\/types\/page"}],"author":[{"embeddable":true,"href":"https:\/\/kenexos.com\/de\/wp-json\/wp\/v2\/users\/1"}],"replies":[{"embeddable":true,"href":"https:\/\/kenexos.com\/de\/wp-json\/wp\/v2\/comments?post=1802"}],"version-history":[{"count":3,"href":"https:\/\/kenexos.com\/de\/wp-json\/wp\/v2\/pages\/1802\/revisions"}],"predecessor-version":[{"id":17428,"href":"https:\/\/kenexos.com\/de\/wp-json\/wp\/v2\/pages\/1802\/revisions\/17428"}],"up":[{"embeddable":true,"href":"https:\/\/kenexos.com\/de\/wp-json\/wp\/v2\/pages\/4872"}],"wp:attachment":[{"href":"https:\/\/kenexos.com\/de\/wp-json\/wp\/v2\/media?parent=1802"}],"wp:term":[{"taxonomy":"folder","embeddable":true,"href":"https:\/\/kenexos.com\/de\/wp-json\/wp\/v2\/folder?post=1802"}],"curies":[{"name":"wp","href":"https:\/\/api.w.org\/{rel}","templated":true}]}}