{"id":1786,"date":"2023-10-26T12:19:06","date_gmt":"2023-10-26T12:19:06","guid":{"rendered":"https:\/\/kenexos.com\/?page_id=1786"},"modified":"2026-04-22T02:23:56","modified_gmt":"2026-04-22T02:23:56","slug":"kenexos-tile-maps","status":"publish","type":"page","link":"https:\/\/kenexos.com\/de\/plattform\/technologie\/kenexos-tile-maps\/","title":{"rendered":"KENEXOS Tile Maps"},"content":{"rendered":"\t\t<div data-elementor-type=\"wp-page\" data-elementor-id=\"1786\" class=\"elementor elementor-1786\" data-elementor-post-type=\"page\">\n\t\t\t\t<div class=\"elementor-element elementor-element-4d48a8b e-flex e-con-boxed e-con e-parent\" data-id=\"4d48a8b\" data-element_type=\"container\" data-e-type=\"container\" data-settings=\"{&quot;background_background&quot;:&quot;classic&quot;}\">\n\t\t\t\t\t<div class=\"e-con-inner\">\n\t\t<div class=\"elementor-element elementor-element-c152017 e-con-full e-flex e-con e-child\" data-id=\"c152017\" data-element_type=\"container\" data-e-type=\"container\">\n\t\t\t\t<div class=\"elementor-element elementor-element-59c7e5a elementor-widget__width-initial elementor-widget elementor-widget-heading\" data-id=\"59c7e5a\" data-element_type=\"widget\" data-e-type=\"widget\" data-widget_type=\"heading.default\">\n\t\t\t\t<div class=\"elementor-widget-container\">\n\t\t\t\t\t<h2 class=\"elementor-heading-title elementor-size-default\">KENEXOS<sup>\u00ae<\/sup> Tile Maps<\/h2>\t\t\t\t<\/div>\n\t\t\t\t<\/div>\n\t\t\t\t<div class=\"elementor-element elementor-element-ad8ba26 elementor-widget__width-initial elementor-widget-laptop__width-initial elementor-widget-tablet_extra__width-initial elementor-widget-tablet__width-initial elementor-widget-mobile_extra__width-initial elementor-widget elementor-widget-text-editor\" data-id=\"ad8ba26\" data-element_type=\"widget\" data-e-type=\"widget\" data-widget_type=\"text-editor.default\">\n\t\t\t\t<div class=\"elementor-widget-container\">\n\t\t\t\t\t\t\t\t\t<p><strong>Detailtiefe ohne Grenzen \u2013 mit KENEXOS<sup>\u00ae<\/sup> Tile Maps<br \/><\/strong>Mit der KENEXOS<sup>\u00ae<\/sup> Tile Maps-Technologie visualisieren Sie selbst gr\u00f6\u00dfte Karten und Pl\u00e4ne gestochen scharf &#8211; auch auf Ihrem Mobilger\u00e4t.<\/p>\t\t\t\t\t\t\t\t<\/div>\n\t\t\t\t<\/div>\n\t\t\t\t<\/div>\n\t\t<div class=\"elementor-element elementor-element-f010ba0 e-con-full e-flex e-con e-child\" data-id=\"f010ba0\" data-element_type=\"container\" data-e-type=\"container\">\n\t\t\t\t<div class=\"elementor-element elementor-element-4516883 elementor-widget elementor-widget-image\" data-id=\"4516883\" data-element_type=\"widget\" data-e-type=\"widget\" data-widget_type=\"image.default\">\n\t\t\t\t<div class=\"elementor-widget-container\">\n\t\t\t\t\t\t\t\t\t\t\t\t\t\t\t<img fetchpriority=\"high\" decoding=\"async\" width=\"400\" height=\"400\" src=\"https:\/\/kenexos.com\/wp-content\/uploads\/2025\/05\/KENEXOS_FIN.webp\" class=\"attachment-large size-large wp-image-11424\" alt=\"\" srcset=\"https:\/\/kenexos.com\/wp-content\/uploads\/2025\/05\/KENEXOS_FIN.webp 400w, https:\/\/kenexos.com\/wp-content\/uploads\/2025\/05\/KENEXOS_FIN-300x300.webp 300w, https:\/\/kenexos.com\/wp-content\/uploads\/2025\/05\/KENEXOS_FIN-150x150.webp 150w\" sizes=\"(max-width: 400px) 100vw, 400px\" \/>\t\t\t\t\t\t\t\t\t\t\t\t\t\t\t<\/div>\n\t\t\t\t<\/div>\n\t\t\t\t<\/div>\n\t\t\t\t\t<\/div>\n\t\t\t\t<\/div>\n\t\t<div class=\"elementor-element elementor-element-5ee163f e-flex e-con-boxed e-con e-parent\" data-id=\"5ee163f\" data-element_type=\"container\" data-e-type=\"container\">\n\t\t\t\t\t<div class=\"e-con-inner\">\n\t\t<div class=\"elementor-element elementor-element-abb4d12 e-flex e-con-boxed e-con e-child\" data-id=\"abb4d12\" data-element_type=\"container\" data-e-type=\"container\">\n\t\t\t\t\t<div class=\"e-con-inner\">\n\t\t\t\t<div class=\"elementor-element elementor-element-6100292 elementor-widget elementor-widget-text-editor\" data-id=\"6100292\" data-element_type=\"widget\" data-e-type=\"widget\" data-widget_type=\"text-editor.default\">\n\t\t\t\t<div class=\"elementor-widget-container\">\n\t\t\t\t\t\t\t\t\t<p><a href=\"\/\">Home<\/a> | <a href=\"https:\/\/kenexos.com\/de\/plattform\/\">Plattform<\/a> | <a href=\"https:\/\/kenexos.com\/de\/plattform\/technologie\/\">Technologie<\/a> | KENEXOS<sup>\u00ae <\/sup>Tile Maps<\/p>\t\t\t\t\t\t\t\t<\/div>\n\t\t\t\t<\/div>\n\t\t\t\t\t<\/div>\n\t\t\t\t<\/div>\n\t\t\t\t\t<\/div>\n\t\t\t\t<\/div>\n\t\t<div class=\"elementor-element elementor-element-e806173 e-flex e-con-boxed e-con e-parent\" data-id=\"e806173\" data-element_type=\"container\" data-e-type=\"container\">\n\t\t\t\t\t<div class=\"e-con-inner\">\n\t\t<div class=\"elementor-element elementor-element-d6111cc e-con-full e-flex e-con e-child\" data-id=\"d6111cc\" data-element_type=\"container\" data-e-type=\"container\">\n\t\t\t\t<div class=\"elementor-element elementor-element-7f26d48 elementor-widget elementor-widget-image\" data-id=\"7f26d48\" data-element_type=\"widget\" data-e-type=\"widget\" data-widget_type=\"image.default\">\n\t\t\t\t<div class=\"elementor-widget-container\">\n\t\t\t\t\t\t\t\t\t\t\t\t\t\t\t\t<a href=\"https:\/\/kenexos.com\/wp-content\/uploads\/2023\/10\/csm_tilemapkomp_c4510b6c35.png\" data-elementor-open-lightbox=\"yes\" data-elementor-lightbox-title=\"csm_tilemapkomp_c4510b6c35\" data-e-action-hash=\"#elementor-action%3Aaction%3Dlightbox%26settings%3DeyJpZCI6MTc4OSwidXJsIjoiaHR0cHM6XC9cL2tlbmV4b3MuY29tXC93cC1jb250ZW50XC91cGxvYWRzXC8yMDIzXC8xMFwvY3NtX3RpbGVtYXBrb21wX2M0NTEwYjZjMzUud2VicCJ9\">\n\t\t\t\t\t\t\t<img decoding=\"async\" width=\"800\" height=\"493\" src=\"https:\/\/kenexos.com\/wp-content\/uploads\/2023\/10\/csm_tilemapkomp_c4510b6c35-1024x631.webp\" class=\"attachment-large size-large wp-image-1789\" alt=\"\" srcset=\"https:\/\/kenexos.com\/wp-content\/uploads\/2023\/10\/csm_tilemapkomp_c4510b6c35-1024x631.webp 1024w, https:\/\/kenexos.com\/wp-content\/uploads\/2023\/10\/csm_tilemapkomp_c4510b6c35-300x185.webp 300w, https:\/\/kenexos.com\/wp-content\/uploads\/2023\/10\/csm_tilemapkomp_c4510b6c35-768x474.webp 768w, https:\/\/kenexos.com\/wp-content\/uploads\/2023\/10\/csm_tilemapkomp_c4510b6c35.webp 1200w\" sizes=\"(max-width: 800px) 100vw, 800px\" \/>\t\t\t\t\t\t\t\t<\/a>\n\t\t\t\t\t\t\t\t\t\t\t\t\t\t\t<\/div>\n\t\t\t\t<\/div>\n\t\t\t\t<div class=\"elementor-element elementor-element-442da8d elementor-widget elementor-widget-video\" data-id=\"442da8d\" data-element_type=\"widget\" data-e-type=\"widget\" data-settings=\"{&quot;youtube_url&quot;:&quot;https:\\\/\\\/youtu.be\\\/j77rQwS6zCw&quot;,&quot;video_type&quot;:&quot;youtube&quot;,&quot;controls&quot;:&quot;yes&quot;}\" data-widget_type=\"video.default\">\n\t\t\t\t<div class=\"elementor-widget-container\">\n\t\t\t\t\t\t\t<div class=\"elementor-wrapper elementor-open-inline\">\n\t\t\t<div class=\"elementor-video\"><\/div>\t\t<\/div>\n\t\t\t\t\t\t<\/div>\n\t\t\t\t<\/div>\n\t\t\t\t<\/div>\n\t\t<div class=\"elementor-element elementor-element-4052d9d e-con-full e-flex e-con e-child\" data-id=\"4052d9d\" data-element_type=\"container\" data-e-type=\"container\">\n\t\t\t\t<div class=\"elementor-element elementor-element-2464323 elementor-widget elementor-widget-text-editor\" data-id=\"2464323\" data-element_type=\"widget\" data-e-type=\"widget\" data-widget_type=\"text-editor.default\">\n\t\t\t\t<div class=\"elementor-widget-container\">\n\t\t\t\t\t\t\t\t\t<p>Digitale Pl\u00e4ne optimal darstellen &#8211; auch mobil<\/p>\t\t\t\t\t\t\t\t<\/div>\n\t\t\t\t<\/div>\n\t\t\t\t<div class=\"elementor-element elementor-element-86e147c elementor-widget elementor-widget-heading\" data-id=\"86e147c\" data-element_type=\"widget\" data-e-type=\"widget\" data-widget_type=\"heading.default\">\n\t\t\t\t<div class=\"elementor-widget-container\">\n\t\t\t\t\t<h2 class=\"elementor-heading-title elementor-size-default\">KENEXOS<sup>\u00ae<\/sup> Tile Maps Technology<\/h2>\t\t\t\t<\/div>\n\t\t\t\t<\/div>\n\t\t\t\t<div class=\"elementor-element elementor-element-fdf396b elementor-widget elementor-widget-text-editor\" data-id=\"fdf396b\" data-element_type=\"widget\" data-e-type=\"widget\" data-widget_type=\"text-editor.default\">\n\t\t\t\t<div class=\"elementor-widget-container\">\n\t\t\t\t\t\t\t\t\t<p>Eine \u201eTiled Web Map\u201c oder Kachelkarte ist eine Karte oder ein Bild, die in einem Webbrowser angezeigt werden, indem Dutzende von einzeln angeforderten Bild- oder Vektordatendateien nahtlos zusammengef\u00fcgt werden.<\/p><p>Gekachelte Karten haben mehrere Vorteile. Jedes Mal, wenn der Benutzer schwenkt, sind die meisten Kacheln noch relevant und k\u00f6nnen weiterhin angezeigt werden, w\u00e4hrend neue Kacheln abgerufen werden.<\/p><p>Dies verbessert die Benutzererfahrung erheblich, verglichen mit dem Abrufen eines einzelnen Kartenbildes f\u00fcr das gesamte Ansichtsfenster. Au\u00dferdem k\u00f6nnen so einzelne Kacheln vorberechnet werden, eine Aufgabe, die sich leicht parallelisieren l\u00e4sst und die Anzeige von gerenderten Bildern, die von einem Webserver bereitgestellt werden, ist weniger rechenintensiv als das Rendern von Bildern im Browser.<\/p><p>Modernste Technologie f\u00fcr beste Performance: KENEXOS<sup>\u00ae<\/sup>\u00a0<\/p>\t\t\t\t\t\t\t\t<\/div>\n\t\t\t\t<\/div>\n\t\t\t\t<\/div>\n\t\t\t\t\t<\/div>\n\t\t\t\t<\/div>\n\t\t<div class=\"elementor-element elementor-element-3c80e01 e-flex e-con-boxed e-con e-parent\" data-id=\"3c80e01\" data-element_type=\"container\" data-e-type=\"container\" data-settings=\"{&quot;background_background&quot;:&quot;classic&quot;}\">\n\t\t\t\t\t<div class=\"e-con-inner\">\n\t\t<div class=\"elementor-element elementor-element-538994d e-con-full e-flex e-con e-child\" data-id=\"538994d\" data-element_type=\"container\" data-e-type=\"container\">\n\t\t\t\t<div class=\"elementor-element elementor-element-f3f6693 elementor-widget elementor-widget-heading\" data-id=\"f3f6693\" data-element_type=\"widget\" data-e-type=\"widget\" data-widget_type=\"heading.default\">\n\t\t\t\t<div class=\"elementor-widget-container\">\n\t\t\t\t\t<h5 class=\"elementor-heading-title elementor-size-default\">KOSTENLOS TESTEN<\/h5>\t\t\t\t<\/div>\n\t\t\t\t<\/div>\n\t\t\t\t<div class=\"elementor-element elementor-element-0f4c0d5 elementor-widget elementor-widget-heading\" data-id=\"0f4c0d5\" data-element_type=\"widget\" data-e-type=\"widget\" data-widget_type=\"heading.default\">\n\t\t\t\t<div class=\"elementor-widget-container\">\n\t\t\t\t\t<h2 class=\"elementor-heading-title elementor-size-default\">Entscheiden Sie sich noch heute f\u00fcr KENEXOS<sup>\u00ae<\/sup><\/h2>\t\t\t\t<\/div>\n\t\t\t\t<\/div>\n\t\t<div class=\"elementor-element elementor-element-717f1f1 e-con-full e-flex e-con e-child\" data-id=\"717f1f1\" data-element_type=\"container\" data-e-type=\"container\">\n\t\t<div class=\"elementor-element elementor-element-e477bb3 e-flex e-con-boxed e-con e-child\" data-id=\"e477bb3\" data-element_type=\"container\" data-e-type=\"container\">\n\t\t\t\t\t<div class=\"e-con-inner\">\n\t\t\t\t<div class=\"elementor-element elementor-element-8974ae3 elementor-widget__width-initial elementor-view-default elementor-position-block-start elementor-mobile-position-block-start elementor-widget elementor-widget-icon-box\" data-id=\"8974ae3\" data-element_type=\"widget\" data-e-type=\"widget\" data-widget_type=\"icon-box.default\">\n\t\t\t\t<div class=\"elementor-widget-container\">\n\t\t\t\t\t\t\t<div class=\"elementor-icon-box-wrapper\">\n\n\t\t\t\t\t\t<div class=\"elementor-icon-box-icon\">\n\t\t\t\t<span  class=\"elementor-icon\">\n\t\t\t\t<i aria-hidden=\"true\" class=\"fas fa-check-circle\"><\/i>\t\t\t\t<\/span>\n\t\t\t<\/div>\n\t\t\t\n\t\t\t\t\t\t<div class=\"elementor-icon-box-content\">\n\n\t\t\t\t\t\t\t\t\t<h3 class=\"elementor-icon-box-title\">\n\t\t\t\t\t\t<span  >\n\t\t\t\t\t\t\tTesten Sie alle Funktionen\t\t\t\t\t\t<\/span>\n\t\t\t\t\t<\/h3>\n\t\t\t\t\n\t\t\t\t\t\t\t\t\t<p class=\"elementor-icon-box-description\">\n\t\t\t\t\t\tohne Einschr\u00e4nkungen 30 Tage kostenlos!\t\t\t\t\t<\/p>\n\t\t\t\t\n\t\t\t<\/div>\n\t\t\t\n\t\t<\/div>\n\t\t\t\t\t\t<\/div>\n\t\t\t\t<\/div>\n\t\t\t\t\t<\/div>\n\t\t\t\t<\/div>\n\t\t<div class=\"elementor-element elementor-element-c1e60b5 e-con-full e-flex e-con e-child\" data-id=\"c1e60b5\" data-element_type=\"container\" data-e-type=\"container\">\n\t\t\t\t<div class=\"elementor-element elementor-element-5e032e2 elementor-widget__width-initial elementor-view-default elementor-position-block-start elementor-mobile-position-block-start elementor-widget elementor-widget-icon-box\" data-id=\"5e032e2\" data-element_type=\"widget\" data-e-type=\"widget\" data-widget_type=\"icon-box.default\">\n\t\t\t\t<div class=\"elementor-widget-container\">\n\t\t\t\t\t\t\t<div class=\"elementor-icon-box-wrapper\">\n\n\t\t\t\t\t\t<div class=\"elementor-icon-box-icon\">\n\t\t\t\t<span  class=\"elementor-icon\">\n\t\t\t\t<i aria-hidden=\"true\" class=\"fas fa-check-circle\"><\/i>\t\t\t\t<\/span>\n\t\t\t<\/div>\n\t\t\t\n\t\t\t\t\t\t<div class=\"elementor-icon-box-content\">\n\n\t\t\t\t\t\t\t\t\t<h3 class=\"elementor-icon-box-title\">\n\t\t\t\t\t\t<span  >\n\t\t\t\t\t\t\tApp sofort nutzen\t\t\t\t\t\t<\/span>\n\t\t\t\t\t<\/h3>\n\t\t\t\t\n\t\t\t\t\t\t\t\t\t<p class=\"elementor-icon-box-description\">\n\t\t\t\t\t\tam Computer, Tablet oder Smartphone\t\t\t\t\t<\/p>\n\t\t\t\t\n\t\t\t<\/div>\n\t\t\t\n\t\t<\/div>\n\t\t\t\t\t\t<\/div>\n\t\t\t\t<\/div>\n\t\t\t\t<\/div>\n\t\t<div class=\"elementor-element elementor-element-efe76ce e-con-full e-flex e-con e-child\" data-id=\"efe76ce\" data-element_type=\"container\" data-e-type=\"container\">\n\t\t\t\t<div class=\"elementor-element elementor-element-4584dfe elementor-widget__width-initial elementor-view-default elementor-position-block-start elementor-mobile-position-block-start elementor-widget elementor-widget-icon-box\" data-id=\"4584dfe\" data-element_type=\"widget\" data-e-type=\"widget\" data-widget_type=\"icon-box.default\">\n\t\t\t\t<div class=\"elementor-widget-container\">\n\t\t\t\t\t\t\t<div class=\"elementor-icon-box-wrapper\">\n\n\t\t\t\t\t\t<div class=\"elementor-icon-box-icon\">\n\t\t\t\t<span  class=\"elementor-icon\">\n\t\t\t\t<i aria-hidden=\"true\" class=\"fas fa-check-circle\"><\/i>\t\t\t\t<\/span>\n\t\t\t<\/div>\n\t\t\t\n\t\t\t\t\t\t<div class=\"elementor-icon-box-content\">\n\n\t\t\t\t\t\t\t\t\t<h3 class=\"elementor-icon-box-title\">\n\t\t\t\t\t\t<span  >\n\t\t\t\t\t\t\tV\u00f6llig risikofrei\t\t\t\t\t\t<\/span>\n\t\t\t\t\t<\/h3>\n\t\t\t\t\n\t\t\t\t\t\t\t\t\t<p class=\"elementor-icon-box-description\">\n\t\t\t\t\t\tIhr Zugang endet automatisch!\t\t\t\t\t<\/p>\n\t\t\t\t\n\t\t\t<\/div>\n\t\t\t\n\t\t<\/div>\n\t\t\t\t\t\t<\/div>\n\t\t\t\t<\/div>\n\t\t\t\t<\/div>\n\t\t\t\t<\/div>\n\t\t\t\t<\/div>\n\t\t<div class=\"elementor-element elementor-element-84d5f45 e-con-full e-flex e-con e-child\" data-id=\"84d5f45\" data-element_type=\"container\" data-e-type=\"container\">\n\t\t\t\t<div class=\"elementor-element elementor-element-51a46d2 elementor-widget elementor-widget-button\" data-id=\"51a46d2\" data-element_type=\"widget\" data-e-type=\"widget\" data-widget_type=\"button.default\">\n\t\t\t\t<div class=\"elementor-widget-container\">\n\t\t\t\t\t\t\t\t\t<div class=\"elementor-button-wrapper\">\n\t\t\t\t\t<a class=\"elementor-button elementor-button-link elementor-size-sm elementor-animation-shrink\" href=\"https:\/\/kenexos.com\/de\/kontakt\/kontakt\/kostenlos-testen\/\">\n\t\t\t\t\t\t<span class=\"elementor-button-content-wrapper\">\n\t\t\t\t\t\t<span class=\"elementor-button-icon\">\n\t\t\t\t<i aria-hidden=\"true\" class=\"fas fa-arrow-right\"><\/i>\t\t\t<\/span>\n\t\t\t\t\t\t\t\t\t<span class=\"elementor-button-text\">Kostenlos testen<\/span>\n\t\t\t\t\t<\/span>\n\t\t\t\t\t<\/a>\n\t\t\t\t<\/div>\n\t\t\t\t\t\t\t\t<\/div>\n\t\t\t\t<\/div>\n\t\t\t\t<div class=\"elementor-element elementor-element-d9c13e1 elementor-widget elementor-widget-button\" data-id=\"d9c13e1\" data-element_type=\"widget\" data-e-type=\"widget\" data-widget_type=\"button.default\">\n\t\t\t\t<div class=\"elementor-widget-container\">\n\t\t\t\t\t\t\t\t\t<div class=\"elementor-button-wrapper\">\n\t\t\t\t\t<a class=\"elementor-button elementor-button-link elementor-size-sm elementor-animation-shrink\" href=\"https:\/\/kenexos.com\/de\/kontakt\/kontakt\/demo-vereinbaren\/\">\n\t\t\t\t\t\t<span class=\"elementor-button-content-wrapper\">\n\t\t\t\t\t\t<span class=\"elementor-button-icon\">\n\t\t\t\t<i aria-hidden=\"true\" class=\"fas fa-arrow-right\"><\/i>\t\t\t<\/span>\n\t\t\t\t\t\t\t\t\t<span class=\"elementor-button-text\">Beratung vereinbaren<\/span>\n\t\t\t\t\t<\/span>\n\t\t\t\t\t<\/a>\n\t\t\t\t<\/div>\n\t\t\t\t\t\t\t\t<\/div>\n\t\t\t\t<\/div>\n\t\t\t\t<\/div>\n\t\t\t\t\t<\/div>\n\t\t\t\t<\/div>\n\t\t\t\t<\/div>\n\t\t","protected":false},"excerpt":{"rendered":"<p>KENEXOS\u00ae Tile Maps Detailtiefe ohne Grenzen \u2013 mit KENEXOS\u00ae Tile MapsMit der KENEXOS\u00ae Tile Maps-Technologie visualisieren Sie selbst gr\u00f6\u00dfte Karten und Pl\u00e4ne gestochen scharf &#8211; auch auf Ihrem Mobilger\u00e4t. Home | Plattform | Technologie | KENEXOS\u00ae Tile Maps https:\/\/youtu.be\/j77rQwS6zCw Digitale Pl\u00e4ne optimal darstellen &#8211; auch mobil KENEXOS\u00ae Tile Maps Technology Eine \u201eTiled Web Map\u201c oder [&hellip;]<\/p>\n","protected":false},"author":1,"featured_media":0,"parent":4872,"menu_order":3,"comment_status":"closed","ping_status":"closed","template":"","meta":{"_angie_page":false,"inline_featured_image":false,"footnotes":""},"folder":[86],"class_list":["post-1786","page","type-page","status-publish","hentry"],"_links":{"self":[{"href":"https:\/\/kenexos.com\/de\/wp-json\/wp\/v2\/pages\/1786","targetHints":{"allow":["GET"]}}],"collection":[{"href":"https:\/\/kenexos.com\/de\/wp-json\/wp\/v2\/pages"}],"about":[{"href":"https:\/\/kenexos.com\/de\/wp-json\/wp\/v2\/types\/page"}],"author":[{"embeddable":true,"href":"https:\/\/kenexos.com\/de\/wp-json\/wp\/v2\/users\/1"}],"replies":[{"embeddable":true,"href":"https:\/\/kenexos.com\/de\/wp-json\/wp\/v2\/comments?post=1786"}],"version-history":[{"count":3,"href":"https:\/\/kenexos.com\/de\/wp-json\/wp\/v2\/pages\/1786\/revisions"}],"predecessor-version":[{"id":17432,"href":"https:\/\/kenexos.com\/de\/wp-json\/wp\/v2\/pages\/1786\/revisions\/17432"}],"up":[{"embeddable":true,"href":"https:\/\/kenexos.com\/de\/wp-json\/wp\/v2\/pages\/4872"}],"wp:attachment":[{"href":"https:\/\/kenexos.com\/de\/wp-json\/wp\/v2\/media?parent=1786"}],"wp:term":[{"taxonomy":"folder","embeddable":true,"href":"https:\/\/kenexos.com\/de\/wp-json\/wp\/v2\/folder?post=1786"}],"curies":[{"name":"wp","href":"https:\/\/api.w.org\/{rel}","templated":true}]}}