{"id":1476,"date":"2023-10-25T07:10:37","date_gmt":"2023-10-25T07:10:37","guid":{"rendered":"https:\/\/kenexos.com\/?page_id=1476"},"modified":"2026-03-14T20:12:15","modified_gmt":"2026-03-14T20:12:15","slug":"news-kenexos","status":"publish","type":"page","link":"https:\/\/kenexos.com\/de\/wissen\/news-kenexos\/","title":{"rendered":"Neuigkeiten zur KENEXOS Connectivity-Plattform"},"content":{"rendered":"\t\t<div data-elementor-type=\"wp-page\" data-elementor-id=\"1476\" class=\"elementor elementor-1476\" data-elementor-post-type=\"page\">\n\t\t\t\t<div class=\"elementor-element elementor-element-485cdca e-flex e-con-boxed e-con e-child\" data-id=\"485cdca\" data-element_type=\"container\" data-e-type=\"container\">\n\t\t\t\t\t<div class=\"e-con-inner\">\n\t\t\t\t<div class=\"elementor-element elementor-element-89c5aa6 elementor-widget elementor-widget-text-editor\" data-id=\"89c5aa6\" data-element_type=\"widget\" data-e-type=\"widget\" data-widget_type=\"text-editor.default\">\n\t\t\t\t<div class=\"elementor-widget-container\">\n\t\t\t\t\t\t\t\t\t<p><a href=\"\/\">Home<\/a> | <a href=\"https:\/\/kenexos.com\/de\/wissen\/\">Wissen <\/a>| <a href=\"https:\/\/kenexos.com\/de\/wissen\/blog-uebersicht\/\">Blog<\/a> | KENEXOS<sup>\u00ae<\/sup><\/p>\t\t\t\t\t\t\t\t<\/div>\n\t\t\t\t<\/div>\n\t\t\t\t\t<\/div>\n\t\t\t\t<\/div>\n\t\t<div class=\"elementor-element elementor-element-80251cf e-flex e-con-boxed e-con e-parent\" data-id=\"80251cf\" data-element_type=\"container\" data-e-type=\"container\" data-settings=\"{&quot;background_background&quot;:&quot;classic&quot;}\">\n\t\t\t\t\t<div class=\"e-con-inner\">\n\t\t\t\t<div class=\"elementor-element elementor-element-9eb4d51 elementor-grid-mobile_extra-2 elementor-grid-4 elementor-grid-tablet_extra-3 elementor-grid-tablet-3 elementor-grid-mobile-1 elementor-posts--thumbnail-top elementor-widget elementor-widget-posts\" data-id=\"9eb4d51\" data-element_type=\"widget\" data-e-type=\"widget\" data-settings=\"{&quot;classic_row_gap&quot;:{&quot;unit&quot;:&quot;px&quot;,&quot;size&quot;:20,&quot;sizes&quot;:[]},&quot;classic_columns_mobile_extra&quot;:&quot;2&quot;,&quot;classic_columns&quot;:&quot;4&quot;,&quot;classic_columns_tablet_extra&quot;:&quot;3&quot;,&quot;classic_columns_tablet&quot;:&quot;3&quot;,&quot;classic_columns_mobile&quot;:&quot;1&quot;,&quot;classic_row_gap_widescreen&quot;:{&quot;unit&quot;:&quot;px&quot;,&quot;size&quot;:&quot;&quot;,&quot;sizes&quot;:[]},&quot;classic_row_gap_laptop&quot;:{&quot;unit&quot;:&quot;px&quot;,&quot;size&quot;:&quot;&quot;,&quot;sizes&quot;:[]},&quot;classic_row_gap_tablet_extra&quot;:{&quot;unit&quot;:&quot;px&quot;,&quot;size&quot;:&quot;&quot;,&quot;sizes&quot;:[]},&quot;classic_row_gap_tablet&quot;:{&quot;unit&quot;:&quot;px&quot;,&quot;size&quot;:&quot;&quot;,&quot;sizes&quot;:[]},&quot;classic_row_gap_mobile_extra&quot;:{&quot;unit&quot;:&quot;px&quot;,&quot;size&quot;:&quot;&quot;,&quot;sizes&quot;:[]},&quot;classic_row_gap_mobile&quot;:{&quot;unit&quot;:&quot;px&quot;,&quot;size&quot;:&quot;&quot;,&quot;sizes&quot;:[]}}\" data-widget_type=\"posts.classic\">\n\t\t\t\t<div class=\"elementor-widget-container\">\n\t\t\t\t\t\t\t<div class=\"elementor-posts-container elementor-posts elementor-posts--skin-classic elementor-grid\" role=\"list\">\n\t\t\t\t<article class=\"elementor-post elementor-grid-item post-16756 post type-post status-publish format-standard has-post-thumbnail hentry category-blog category-anlagenmanagement category-bau-und-projektmanagement category-gebaeudemanagement category-news category-kenexos\" role=\"listitem\">\n\t\t\t\t<a class=\"elementor-post__thumbnail__link\" href=\"https:\/\/kenexos.com\/de\/blog\/kenexos-ai-automatisierte-projektanlage\/\" tabindex=\"-1\">\n\t\t\t<div class=\"elementor-post__thumbnail\"><img fetchpriority=\"high\" decoding=\"async\" width=\"800\" height=\"800\" src=\"https:\/\/kenexos.com\/wp-content\/uploads\/2026\/03\/KI-die-echten-Mehrwert-liefert-1024x1024.webp\" class=\"attachment-large size-large wp-image-16809\" alt=\"\" srcset=\"https:\/\/kenexos.com\/wp-content\/uploads\/2026\/03\/KI-die-echten-Mehrwert-liefert-1024x1024.webp 1024w, https:\/\/kenexos.com\/wp-content\/uploads\/2026\/03\/KI-die-echten-Mehrwert-liefert-300x300.webp 300w, https:\/\/kenexos.com\/wp-content\/uploads\/2026\/03\/KI-die-echten-Mehrwert-liefert-150x150.webp 150w, https:\/\/kenexos.com\/wp-content\/uploads\/2026\/03\/KI-die-echten-Mehrwert-liefert-768x768.webp 768w, https:\/\/kenexos.com\/wp-content\/uploads\/2026\/03\/KI-die-echten-Mehrwert-liefert.webp 1200w\" sizes=\"(max-width: 800px) 100vw, 800px\" \/><\/div>\n\t\t<\/a>\n\t\t\t\t<div class=\"elementor-post__text\">\n\t\t\t\t<h3 class=\"elementor-post__title\">\n\t\t\t<a href=\"https:\/\/kenexos.com\/de\/blog\/kenexos-ai-automatisierte-projektanlage\/\">\n\t\t\t\tKENEXOS AI: Automatisierte Projektanlage\t\t\t<\/a>\n\t\t<\/h3>\n\t\t\t\t<div class=\"elementor-post__excerpt\">\n\t\t\t<p>KENEXOS\u00ae AI: Automatisierte Projektanlage Effizientere Projektprozesse durch intelligente Automatisierung KI-basierte Projekt- und Auftragsanlage Mit der aktuellen Weiterentwicklung der KENEXOS\u00ae Plattform erweitert die Kreutzpointner Business Software GmbH ihr L\u00f6sungsportfolio um leistungsstarke<\/p>\n\t\t<\/div>\n\t\t\t\t\t<div class=\"elementor-post__read-more-wrapper\">\n\t\t\n\t\t<a class=\"elementor-post__read-more\" href=\"https:\/\/kenexos.com\/de\/blog\/kenexos-ai-automatisierte-projektanlage\/\" aria-label=\"Mehr \u00fcber KENEXOS AI: Automatisierte Projektanlage\" tabindex=\"-1\">\n\t\t\tZum vollst\u00e4ndigen Artikel \u00bb\t\t<\/a>\n\n\t\t\t\t\t<\/div>\n\t\t\t\t<\/div>\n\t\t\t\t<\/article>\n\t\t\t\t<article class=\"elementor-post elementor-grid-item post-16740 post type-post status-publish format-standard has-post-thumbnail hentry category-blog category-anlagenmanagement category-bau-und-projektmanagement category-gebaeudemanagement category-news category-kenexos\" role=\"listitem\">\n\t\t\t\t<a class=\"elementor-post__thumbnail__link\" href=\"https:\/\/kenexos.com\/de\/blog\/digitalbau-2026\/\" tabindex=\"-1\">\n\t\t\t<div class=\"elementor-post__thumbnail\"><img decoding=\"async\" width=\"800\" height=\"800\" src=\"https:\/\/kenexos.com\/wp-content\/uploads\/2026\/03\/KENEXOS-COSMO-CONSULT-digitalBAU-1024x1024.webp\" class=\"attachment-large size-large wp-image-16744\" alt=\"\" srcset=\"https:\/\/kenexos.com\/wp-content\/uploads\/2026\/03\/KENEXOS-COSMO-CONSULT-digitalBAU-1024x1024.webp 1024w, https:\/\/kenexos.com\/wp-content\/uploads\/2026\/03\/KENEXOS-COSMO-CONSULT-digitalBAU-300x300.webp 300w, https:\/\/kenexos.com\/wp-content\/uploads\/2026\/03\/KENEXOS-COSMO-CONSULT-digitalBAU-150x150.webp 150w, https:\/\/kenexos.com\/wp-content\/uploads\/2026\/03\/KENEXOS-COSMO-CONSULT-digitalBAU-768x768.webp 768w, https:\/\/kenexos.com\/wp-content\/uploads\/2026\/03\/KENEXOS-COSMO-CONSULT-digitalBAU.webp 1200w\" sizes=\"(max-width: 800px) 100vw, 800px\" \/><\/div>\n\t\t<\/a>\n\t\t\t\t<div class=\"elementor-post__text\">\n\t\t\t\t<h3 class=\"elementor-post__title\">\n\t\t\t<a href=\"https:\/\/kenexos.com\/de\/blog\/digitalbau-2026\/\">\n\t\t\t\tdigitalBau in K\u00f6ln\t\t\t<\/a>\n\t\t<\/h3>\n\t\t\t\t<div class=\"elementor-post__excerpt\">\n\t\t\t<p>Erfolgreicher Messeauftritt auf der digitalBAU 2026 Die Br\u00fccke zwischen Baustelle und B\u00fcro KENEXOS\u00ae und COSMO CONSULT setzen Impulse f\u00fcr die digitale Baustelle Die digitalBAU 2026 liegt hinter uns \u2013 und<\/p>\n\t\t<\/div>\n\t\t\t\t\t<div class=\"elementor-post__read-more-wrapper\">\n\t\t\n\t\t<a class=\"elementor-post__read-more\" href=\"https:\/\/kenexos.com\/de\/blog\/digitalbau-2026\/\" aria-label=\"Mehr \u00fcber digitalBau in K\u00f6ln\" tabindex=\"-1\">\n\t\t\tZum vollst\u00e4ndigen Artikel \u00bb\t\t<\/a>\n\n\t\t\t\t\t<\/div>\n\t\t\t\t<\/div>\n\t\t\t\t<\/article>\n\t\t\t\t<article class=\"elementor-post elementor-grid-item post-16124 post type-post status-publish format-standard has-post-thumbnail hentry category-blog category-anlagenmanagement category-bau-und-projektmanagement category-gebaeudemanagement category-news category-kenexos\" role=\"listitem\">\n\t\t\t\t<a class=\"elementor-post__thumbnail__link\" href=\"https:\/\/kenexos.com\/de\/blog\/liquiditaetsturbo-fuer-ihre-bauprojekte\/\" tabindex=\"-1\">\n\t\t\t<div class=\"elementor-post__thumbnail\"><img decoding=\"async\" width=\"800\" height=\"800\" src=\"https:\/\/kenexos.com\/wp-content\/uploads\/2026\/03\/Liquiditaetsturbo-1024x1024.webp\" class=\"attachment-large size-large wp-image-16139\" alt=\"\" srcset=\"https:\/\/kenexos.com\/wp-content\/uploads\/2026\/03\/Liquiditaetsturbo-1024x1024.webp 1024w, https:\/\/kenexos.com\/wp-content\/uploads\/2026\/03\/Liquiditaetsturbo-300x300.webp 300w, https:\/\/kenexos.com\/wp-content\/uploads\/2026\/03\/Liquiditaetsturbo-150x150.webp 150w, https:\/\/kenexos.com\/wp-content\/uploads\/2026\/03\/Liquiditaetsturbo-768x768.webp 768w, https:\/\/kenexos.com\/wp-content\/uploads\/2026\/03\/Liquiditaetsturbo.webp 1200w\" sizes=\"(max-width: 800px) 100vw, 800px\" \/><\/div>\n\t\t<\/a>\n\t\t\t\t<div class=\"elementor-post__text\">\n\t\t\t\t<h3 class=\"elementor-post__title\">\n\t\t\t<a href=\"https:\/\/kenexos.com\/de\/blog\/liquiditaetsturbo-fuer-ihre-bauprojekte\/\">\n\t\t\t\tLiquidit\u00e4tsturbo f\u00fcr Ihre Bauprojekte\t\t\t<\/a>\n\t\t<\/h3>\n\t\t\t\t<div class=\"elementor-post__excerpt\">\n\t\t\t<p>Die digitale Br\u00fccke zwischen Baustelle und B\u00fcro Der Liquidit\u00e4tsturbo f\u00fcr Bauprojekte Wie digitale Prozesse den Cashflow im Bauunternehmen beschleunigen: In vielen Bauprojekten entscheidet nicht nur die Bauqualit\u00e4t \u00fcber den Erfolg<\/p>\n\t\t<\/div>\n\t\t\t\t\t<div class=\"elementor-post__read-more-wrapper\">\n\t\t\n\t\t<a class=\"elementor-post__read-more\" href=\"https:\/\/kenexos.com\/de\/blog\/liquiditaetsturbo-fuer-ihre-bauprojekte\/\" aria-label=\"Mehr \u00fcber Liquidit\u00e4tsturbo f\u00fcr Ihre Bauprojekte\" tabindex=\"-1\">\n\t\t\tZum vollst\u00e4ndigen Artikel \u00bb\t\t<\/a>\n\n\t\t\t\t\t<\/div>\n\t\t\t\t<\/div>\n\t\t\t\t<\/article>\n\t\t\t\t<article class=\"elementor-post elementor-grid-item post-16113 post type-post status-publish format-standard has-post-thumbnail hentry category-blog category-anlagenmanagement category-bau-und-projektmanagement category-gebaeudemanagement category-news category-kenexos\" role=\"listitem\">\n\t\t\t\t<a class=\"elementor-post__thumbnail__link\" href=\"https:\/\/kenexos.com\/de\/blog\/entlastung-fuer-bauleiter\/\" tabindex=\"-1\">\n\t\t\t<div class=\"elementor-post__thumbnail\"><img loading=\"lazy\" decoding=\"async\" width=\"800\" height=\"800\" src=\"https:\/\/kenexos.com\/wp-content\/uploads\/2026\/03\/Entlastung-fuer-Bauleiter-1024x1024.webp\" class=\"attachment-large size-large wp-image-16138\" alt=\"\" srcset=\"https:\/\/kenexos.com\/wp-content\/uploads\/2026\/03\/Entlastung-fuer-Bauleiter-1024x1024.webp 1024w, https:\/\/kenexos.com\/wp-content\/uploads\/2026\/03\/Entlastung-fuer-Bauleiter-300x300.webp 300w, https:\/\/kenexos.com\/wp-content\/uploads\/2026\/03\/Entlastung-fuer-Bauleiter-150x150.webp 150w, https:\/\/kenexos.com\/wp-content\/uploads\/2026\/03\/Entlastung-fuer-Bauleiter-768x768.webp 768w, https:\/\/kenexos.com\/wp-content\/uploads\/2026\/03\/Entlastung-fuer-Bauleiter.webp 1200w\" sizes=\"(max-width: 800px) 100vw, 800px\" \/><\/div>\n\t\t<\/a>\n\t\t\t\t<div class=\"elementor-post__text\">\n\t\t\t\t<h3 class=\"elementor-post__title\">\n\t\t\t<a href=\"https:\/\/kenexos.com\/de\/blog\/entlastung-fuer-bauleiter\/\">\n\t\t\t\tEntlastung f\u00fcr Bauleiter\t\t\t<\/a>\n\t\t<\/h3>\n\t\t\t\t<div class=\"elementor-post__excerpt\">\n\t\t\t<p>Die digitale Br\u00fccke zwischen Baustelle und B\u00fcro Entlastung f\u00fcr Bauleiter Wie digitale Baustellenprozesse den Projektalltag wirklich erleichtern: Bauleiter geh\u00f6ren zu den am st\u00e4rksten belasteten Schl\u00fcsselrollen in Bauprojekten. Sie koordinieren Gewerke,<\/p>\n\t\t<\/div>\n\t\t\t\t\t<div class=\"elementor-post__read-more-wrapper\">\n\t\t\n\t\t<a class=\"elementor-post__read-more\" href=\"https:\/\/kenexos.com\/de\/blog\/entlastung-fuer-bauleiter\/\" aria-label=\"Mehr \u00fcber Entlastung f\u00fcr Bauleiter\" tabindex=\"-1\">\n\t\t\tZum vollst\u00e4ndigen Artikel \u00bb\t\t<\/a>\n\n\t\t\t\t\t<\/div>\n\t\t\t\t<\/div>\n\t\t\t\t<\/article>\n\t\t\t\t<article class=\"elementor-post elementor-grid-item post-16105 post type-post status-publish format-standard has-post-thumbnail hentry category-blog category-anlagenmanagement category-bau-und-projektmanagement category-gebaeudemanagement category-news category-kenexos\" role=\"listitem\">\n\t\t\t\t<a class=\"elementor-post__thumbnail__link\" href=\"https:\/\/kenexos.com\/de\/blog\/ki-die-echten-mehrwert-liefert\/\" tabindex=\"-1\">\n\t\t\t<div class=\"elementor-post__thumbnail\"><img loading=\"lazy\" decoding=\"async\" width=\"800\" height=\"800\" src=\"https:\/\/kenexos.com\/wp-content\/uploads\/2026\/03\/Entlastung-der-Bauleiter-Bild-1-1024x1024.webp\" class=\"attachment-large size-large wp-image-16135\" alt=\"\" srcset=\"https:\/\/kenexos.com\/wp-content\/uploads\/2026\/03\/Entlastung-der-Bauleiter-Bild-1-1024x1024.webp 1024w, https:\/\/kenexos.com\/wp-content\/uploads\/2026\/03\/Entlastung-der-Bauleiter-Bild-1-300x300.webp 300w, https:\/\/kenexos.com\/wp-content\/uploads\/2026\/03\/Entlastung-der-Bauleiter-Bild-1-150x150.webp 150w, https:\/\/kenexos.com\/wp-content\/uploads\/2026\/03\/Entlastung-der-Bauleiter-Bild-1-768x768.webp 768w, https:\/\/kenexos.com\/wp-content\/uploads\/2026\/03\/Entlastung-der-Bauleiter-Bild-1.webp 1200w\" sizes=\"(max-width: 800px) 100vw, 800px\" \/><\/div>\n\t\t<\/a>\n\t\t\t\t<div class=\"elementor-post__text\">\n\t\t\t\t<h3 class=\"elementor-post__title\">\n\t\t\t<a href=\"https:\/\/kenexos.com\/de\/blog\/ki-die-echten-mehrwert-liefert\/\">\n\t\t\t\tKI, die echten Mehrwert liefert\t\t\t<\/a>\n\t\t<\/h3>\n\t\t\t\t<div class=\"elementor-post__excerpt\">\n\t\t\t<p>Die digitale Br\u00fccke zwischen Baustelle und B\u00fcro KI, die echten Mehrwert liefert Praxistaugliche KI f\u00fcr die digitale Baustelle K\u00fcnstliche Intelligenz wird in der Bauwirtschaft derzeit intensiv diskutiert. Viele L\u00f6sungen versprechen<\/p>\n\t\t<\/div>\n\t\t\t\t\t<div class=\"elementor-post__read-more-wrapper\">\n\t\t\n\t\t<a class=\"elementor-post__read-more\" href=\"https:\/\/kenexos.com\/de\/blog\/ki-die-echten-mehrwert-liefert\/\" aria-label=\"Mehr \u00fcber KI, die echten Mehrwert liefert\" tabindex=\"-1\">\n\t\t\tZum vollst\u00e4ndigen Artikel \u00bb\t\t<\/a>\n\n\t\t\t\t\t<\/div>\n\t\t\t\t<\/div>\n\t\t\t\t<\/article>\n\t\t\t\t<article class=\"elementor-post elementor-grid-item post-16079 post type-post status-publish format-standard has-post-thumbnail hentry category-blog category-anlagenmanagement category-bau-und-projektmanagement category-gebaeudemanagement category-news category-kenexos category-unkategorisiert\" role=\"listitem\">\n\t\t\t\t<a class=\"elementor-post__thumbnail__link\" href=\"https:\/\/kenexos.com\/de\/blog\/digitalisierung-die-funktioniert\/\" tabindex=\"-1\">\n\t\t\t<div class=\"elementor-post__thumbnail\"><img loading=\"lazy\" decoding=\"async\" width=\"800\" height=\"800\" src=\"https:\/\/kenexos.com\/wp-content\/uploads\/2026\/03\/Digitalisierung-die-wirklich-funktioniert-Bild-2-1024x1024.webp\" class=\"attachment-large size-large wp-image-16080\" alt=\"\" srcset=\"https:\/\/kenexos.com\/wp-content\/uploads\/2026\/03\/Digitalisierung-die-wirklich-funktioniert-Bild-2-1024x1024.webp 1024w, https:\/\/kenexos.com\/wp-content\/uploads\/2026\/03\/Digitalisierung-die-wirklich-funktioniert-Bild-2-300x300.webp 300w, https:\/\/kenexos.com\/wp-content\/uploads\/2026\/03\/Digitalisierung-die-wirklich-funktioniert-Bild-2-150x150.webp 150w, https:\/\/kenexos.com\/wp-content\/uploads\/2026\/03\/Digitalisierung-die-wirklich-funktioniert-Bild-2-768x768.webp 768w, https:\/\/kenexos.com\/wp-content\/uploads\/2026\/03\/Digitalisierung-die-wirklich-funktioniert-Bild-2.webp 1200w\" sizes=\"(max-width: 800px) 100vw, 800px\" \/><\/div>\n\t\t<\/a>\n\t\t\t\t<div class=\"elementor-post__text\">\n\t\t\t\t<h3 class=\"elementor-post__title\">\n\t\t\t<a href=\"https:\/\/kenexos.com\/de\/blog\/digitalisierung-die-funktioniert\/\">\n\t\t\t\tDigitalisierung, die funktioniert\t\t\t<\/a>\n\t\t<\/h3>\n\t\t\t\t<div class=\"elementor-post__excerpt\">\n\t\t\t<p>Die digitale Br\u00fccke zwischen Baustelle und B\u00fcro Digitalisierung, die wirklich funktioniert Die digitale Baustelle Die Bauwirtschaft steht vor gro\u00dfen Herausforderungen: steigende Kosten, komplexere Projekte und ein wachsender Dokumentationsaufwand. Viele Bauunternehmen<\/p>\n\t\t<\/div>\n\t\t\t\t\t<div class=\"elementor-post__read-more-wrapper\">\n\t\t\n\t\t<a class=\"elementor-post__read-more\" href=\"https:\/\/kenexos.com\/de\/blog\/digitalisierung-die-funktioniert\/\" aria-label=\"Mehr \u00fcber Digitalisierung, die funktioniert\" tabindex=\"-1\">\n\t\t\tZum vollst\u00e4ndigen Artikel \u00bb\t\t<\/a>\n\n\t\t\t\t\t<\/div>\n\t\t\t\t<\/div>\n\t\t\t\t<\/article>\n\t\t\t\t<article class=\"elementor-post elementor-grid-item post-12724 post type-post status-publish format-standard has-post-thumbnail hentry category-anlagenmanagement category-bau-und-projektmanagement category-blog category-gebaeudemanagement category-news category-kenexos\" role=\"listitem\">\n\t\t\t\t<a class=\"elementor-post__thumbnail__link\" href=\"https:\/\/kenexos.com\/de\/blog\/bau-und-projektmanagement\/kreutzpointner-business-software-gmbh-uebernimmt-ebcsoft-gmbh\/\" tabindex=\"-1\">\n\t\t\t<div class=\"elementor-post__thumbnail\"><img loading=\"lazy\" decoding=\"async\" width=\"800\" height=\"450\" src=\"https:\/\/kenexos.com\/wp-content\/uploads\/2025\/07\/KI-Compliance-1920-x-1080-px-1024x576.webp\" class=\"attachment-large size-large wp-image-12725\" alt=\"\" srcset=\"https:\/\/kenexos.com\/wp-content\/uploads\/2025\/07\/KI-Compliance-1920-x-1080-px-1024x576.webp 1024w, https:\/\/kenexos.com\/wp-content\/uploads\/2025\/07\/KI-Compliance-1920-x-1080-px-300x169.webp 300w, https:\/\/kenexos.com\/wp-content\/uploads\/2025\/07\/KI-Compliance-1920-x-1080-px-768x432.webp 768w, https:\/\/kenexos.com\/wp-content\/uploads\/2025\/07\/KI-Compliance-1920-x-1080-px-1536x864.webp 1536w, https:\/\/kenexos.com\/wp-content\/uploads\/2025\/07\/KI-Compliance-1920-x-1080-px.webp 1920w\" sizes=\"(max-width: 800px) 100vw, 800px\" \/><\/div>\n\t\t<\/a>\n\t\t\t\t<div class=\"elementor-post__text\">\n\t\t\t\t<h3 class=\"elementor-post__title\">\n\t\t\t<a href=\"https:\/\/kenexos.com\/de\/blog\/bau-und-projektmanagement\/kreutzpointner-business-software-gmbh-uebernimmt-ebcsoft-gmbh\/\">\n\t\t\t\tKreutzpointner Business Software GmbH \u00fcbernimmt EBCsoft GmbH\t\t\t<\/a>\n\t\t<\/h3>\n\t\t\t\t<div class=\"elementor-post__excerpt\">\n\t\t\t<p>M\u00fcnchen \/ Leipzig, 30. April 2025 \u2013 Die Kreutzpointner Unternehmensgruppe w\u00e4chst weiter: Zum 30. April \u00fcbernimmt die Kreutzpointner Business Software GmbH (KBS) die EBCsoft GmbH, einen erfahrenen Softwareanbieter aus Leipzig.<\/p>\n\t\t<\/div>\n\t\t\t\t\t<div class=\"elementor-post__read-more-wrapper\">\n\t\t\n\t\t<a class=\"elementor-post__read-more\" href=\"https:\/\/kenexos.com\/de\/blog\/bau-und-projektmanagement\/kreutzpointner-business-software-gmbh-uebernimmt-ebcsoft-gmbh\/\" aria-label=\"Mehr \u00fcber Kreutzpointner Business Software GmbH \u00fcbernimmt EBCsoft GmbH\" tabindex=\"-1\">\n\t\t\tZum vollst\u00e4ndigen Artikel \u00bb\t\t<\/a>\n\n\t\t\t\t\t<\/div>\n\t\t\t\t<\/div>\n\t\t\t\t<\/article>\n\t\t\t\t<article class=\"elementor-post elementor-grid-item post-7479 post type-post status-publish format-standard has-post-thumbnail hentry category-bau-und-projektmanagement category-gebaeudemanagement category-news category-kenexos\" role=\"listitem\">\n\t\t\t\t<a class=\"elementor-post__thumbnail__link\" href=\"https:\/\/kenexos.com\/de\/blog\/bau-und-projektmanagement\/quantensprung-im-technischen-gebaeudemanagement\/\" tabindex=\"-1\">\n\t\t\t<div class=\"elementor-post__thumbnail\"><img loading=\"lazy\" decoding=\"async\" width=\"800\" height=\"582\" src=\"https:\/\/kenexos.com\/wp-content\/uploads\/2024\/11\/Quantensprung-im-technischen-Gebaeudemanagement-3-1024x745.webp\" class=\"attachment-large size-large wp-image-7494\" alt=\"\" srcset=\"https:\/\/kenexos.com\/wp-content\/uploads\/2024\/11\/Quantensprung-im-technischen-Gebaeudemanagement-3-1024x745.webp 1024w, https:\/\/kenexos.com\/wp-content\/uploads\/2024\/11\/Quantensprung-im-technischen-Gebaeudemanagement-3-300x218.webp 300w, https:\/\/kenexos.com\/wp-content\/uploads\/2024\/11\/Quantensprung-im-technischen-Gebaeudemanagement-3-768x559.webp 768w, https:\/\/kenexos.com\/wp-content\/uploads\/2024\/11\/Quantensprung-im-technischen-Gebaeudemanagement-3.webp 1100w\" sizes=\"(max-width: 800px) 100vw, 800px\" \/><\/div>\n\t\t<\/a>\n\t\t\t\t<div class=\"elementor-post__text\">\n\t\t\t\t<h3 class=\"elementor-post__title\">\n\t\t\t<a href=\"https:\/\/kenexos.com\/de\/blog\/bau-und-projektmanagement\/quantensprung-im-technischen-gebaeudemanagement\/\">\n\t\t\t\tQuantensprung im technischen Geb\u00e4udemanagement\t\t\t<\/a>\n\t\t<\/h3>\n\t\t\t\t<div class=\"elementor-post__excerpt\">\n\t\t\t<p>Home | Blog | News| Quantensprung im technischen Geb\u00e4udemanagement Presseinformation Digitalisierungs-Software KENEXOS\u00ae der Kreutzpointner-Schwesterfirma KBS erfolgreich im Einsatz an Flughafen und Kommune M\u00fcnchen\/Burghausen. Ein wahrer Informationsdschungel begleitet die Verwaltung und<\/p>\n\t\t<\/div>\n\t\t\t\t\t<div class=\"elementor-post__read-more-wrapper\">\n\t\t\n\t\t<a class=\"elementor-post__read-more\" href=\"https:\/\/kenexos.com\/de\/blog\/bau-und-projektmanagement\/quantensprung-im-technischen-gebaeudemanagement\/\" aria-label=\"Mehr \u00fcber Quantensprung im technischen Geb\u00e4udemanagement\" tabindex=\"-1\">\n\t\t\tZum vollst\u00e4ndigen Artikel \u00bb\t\t<\/a>\n\n\t\t\t\t\t<\/div>\n\t\t\t\t<\/div>\n\t\t\t\t<\/article>\n\t\t\t\t<article class=\"elementor-post elementor-grid-item post-6834 post type-post status-publish format-standard has-post-thumbnail hentry category-news category-kenexos\" role=\"listitem\">\n\t\t\t\t<a class=\"elementor-post__thumbnail__link\" href=\"https:\/\/kenexos.com\/de\/blog\/kenexos\/aufmasserfassung-und-regieberichte-neu-in-kenexos\/\" tabindex=\"-1\">\n\t\t\t<div class=\"elementor-post__thumbnail\"><img loading=\"lazy\" decoding=\"async\" width=\"800\" height=\"629\" src=\"https:\/\/kenexos.com\/wp-content\/uploads\/2023\/11\/csm_kenexos-mobile_f5cea7abbf.webp\" class=\"attachment-large size-large wp-image-3162\" alt=\"\" srcset=\"https:\/\/kenexos.com\/wp-content\/uploads\/2023\/11\/csm_kenexos-mobile_f5cea7abbf.webp 990w, https:\/\/kenexos.com\/wp-content\/uploads\/2023\/11\/csm_kenexos-mobile_f5cea7abbf-300x236.webp 300w, https:\/\/kenexos.com\/wp-content\/uploads\/2023\/11\/csm_kenexos-mobile_f5cea7abbf-768x604.webp 768w\" sizes=\"(max-width: 800px) 100vw, 800px\" \/><\/div>\n\t\t<\/a>\n\t\t\t\t<div class=\"elementor-post__text\">\n\t\t\t\t<h3 class=\"elementor-post__title\">\n\t\t\t<a href=\"https:\/\/kenexos.com\/de\/blog\/kenexos\/aufmasserfassung-und-regieberichte-neu-in-kenexos\/\">\n\t\t\t\tAufma\u00dferfassung und Regieberichte &#8211; neu in KENEXOS\t\t\t<\/a>\n\t\t<\/h3>\n\t\t\t\t<div class=\"elementor-post__excerpt\">\n\t\t\t<p>Home | Blog | News| Aufma\u00dferfassung und Regieberichte&nbsp; Effiziente Projektabwicklung mit den neuen KENEXOS\u00ae-Modulen: Aufma\u00df und Regieberichte Die KENEXOS\u00ae-Plattform w\u00e4chst weiter und bietet Ihnen jetzt zwei neue leistungsstarke Module: Aufma\u00dferfassung<\/p>\n\t\t<\/div>\n\t\t\t\t\t<div class=\"elementor-post__read-more-wrapper\">\n\t\t\n\t\t<a class=\"elementor-post__read-more\" href=\"https:\/\/kenexos.com\/de\/blog\/kenexos\/aufmasserfassung-und-regieberichte-neu-in-kenexos\/\" aria-label=\"Mehr \u00fcber Aufma\u00dferfassung und Regieberichte &#8211; neu in KENEXOS\" tabindex=\"-1\">\n\t\t\tZum vollst\u00e4ndigen Artikel \u00bb\t\t<\/a>\n\n\t\t\t\t\t<\/div>\n\t\t\t\t<\/div>\n\t\t\t\t<\/article>\n\t\t\t\t<article class=\"elementor-post elementor-grid-item post-1686 post type-post status-publish format-standard has-post-thumbnail hentry category-kenexos\" role=\"listitem\">\n\t\t\t\t<a class=\"elementor-post__thumbnail__link\" href=\"https:\/\/kenexos.com\/de\/blog\/kenexos\/5-funktionen-in-kenexos-die-sie-vielleicht-noch-nicht-kennen\/\" tabindex=\"-1\">\n\t\t\t<div class=\"elementor-post__thumbnail\"><img loading=\"lazy\" decoding=\"async\" width=\"800\" height=\"346\" src=\"https:\/\/kenexos.com\/wp-content\/uploads\/2023\/10\/5-dinge-von-kenexos.webp\" class=\"attachment-large size-large wp-image-1687\" alt=\"\" srcset=\"https:\/\/kenexos.com\/wp-content\/uploads\/2023\/10\/5-dinge-von-kenexos.webp 990w, https:\/\/kenexos.com\/wp-content\/uploads\/2023\/10\/5-dinge-von-kenexos-300x130.webp 300w, https:\/\/kenexos.com\/wp-content\/uploads\/2023\/10\/5-dinge-von-kenexos-768x332.webp 768w\" sizes=\"(max-width: 800px) 100vw, 800px\" \/><\/div>\n\t\t<\/a>\n\t\t\t\t<div class=\"elementor-post__text\">\n\t\t\t\t<h3 class=\"elementor-post__title\">\n\t\t\t<a href=\"https:\/\/kenexos.com\/de\/blog\/kenexos\/5-funktionen-in-kenexos-die-sie-vielleicht-noch-nicht-kennen\/\">\n\t\t\t\t5 Funktionen in KENEXOS die Sie vielleicht noch nicht kennen\t\t\t<\/a>\n\t\t<\/h3>\n\t\t\t\t<div class=\"elementor-post__excerpt\">\n\t\t\t<p>1. Erfassung von Tickets direkt im Plan Unsere mobile Anwendung bietet die M\u00f6glichkeit Tickets direkt im Plan zu erfassen. \u00d6ffnen Sie hierzu direkt im Projekt den entsprechenden Plan, klicken Sie<\/p>\n\t\t<\/div>\n\t\t\t\t\t<div class=\"elementor-post__read-more-wrapper\">\n\t\t\n\t\t<a class=\"elementor-post__read-more\" href=\"https:\/\/kenexos.com\/de\/blog\/kenexos\/5-funktionen-in-kenexos-die-sie-vielleicht-noch-nicht-kennen\/\" aria-label=\"Mehr \u00fcber 5 Funktionen in KENEXOS die Sie vielleicht noch nicht kennen\" tabindex=\"-1\">\n\t\t\tZum vollst\u00e4ndigen Artikel \u00bb\t\t<\/a>\n\n\t\t\t\t\t<\/div>\n\t\t\t\t<\/div>\n\t\t\t\t<\/article>\n\t\t\t\t<\/div>\n\t\t\n\t\t\t\t\t\t<\/div>\n\t\t\t\t<\/div>\n\t\t\t\t\t<\/div>\n\t\t\t\t<\/div>\n\t\t\t\t<\/div>\n\t\t","protected":false},"excerpt":{"rendered":"<p>Home | Wissen | Blog | KENEXOS\u00ae<\/p>\n","protected":false},"author":1,"featured_media":0,"parent":3631,"menu_order":6,"comment_status":"closed","ping_status":"closed","template":"","meta":{"_angie_page":false,"inline_featured_image":false,"footnotes":""},"folder":[25],"class_list":["post-1476","page","type-page","status-publish","hentry"],"_links":{"self":[{"href":"https:\/\/kenexos.com\/de\/wp-json\/wp\/v2\/pages\/1476","targetHints":{"allow":["GET"]}}],"collection":[{"href":"https:\/\/kenexos.com\/de\/wp-json\/wp\/v2\/pages"}],"about":[{"href":"https:\/\/kenexos.com\/de\/wp-json\/wp\/v2\/types\/page"}],"author":[{"embeddable":true,"href":"https:\/\/kenexos.com\/de\/wp-json\/wp\/v2\/users\/1"}],"replies":[{"embeddable":true,"href":"https:\/\/kenexos.com\/de\/wp-json\/wp\/v2\/comments?post=1476"}],"version-history":[{"count":0,"href":"https:\/\/kenexos.com\/de\/wp-json\/wp\/v2\/pages\/1476\/revisions"}],"up":[{"embeddable":true,"href":"https:\/\/kenexos.com\/de\/wp-json\/wp\/v2\/pages\/3631"}],"wp:attachment":[{"href":"https:\/\/kenexos.com\/de\/wp-json\/wp\/v2\/media?parent=1476"}],"wp:term":[{"taxonomy":"folder","embeddable":true,"href":"https:\/\/kenexos.com\/de\/wp-json\/wp\/v2\/folder?post=1476"}],"curies":[{"name":"wp","href":"https:\/\/api.w.org\/{rel}","templated":true}]}}